{"id":2050,"date":"2024-10-30T11:54:57","date_gmt":"2024-10-30T10:54:57","guid":{"rendered":"https:\/\/www.suspensionesfelix.com\/producto\/supermousse-d-45-talla-m-all-mtn-enduro-ruedas-de-23-a-25\/"},"modified":"2024-10-30T11:54:57","modified_gmt":"2024-10-30T10:54:57","slug":"supermousse-d-45-talla-m-all-mtn-enduro-ruedas-de-23-a-25","status":"publish","type":"product","link":"https:\/\/www.suspensionesfelix.com\/en\/product\/supermousse-d-45-talla-m-all-mtn-enduro-ruedas-de-23-a-25\/","title":{"rendered":"SuperMousse d.45 - size M \/\/ ALL MTN \/ ENDURO \/\/ wheels 2,3 to 2,5"},"content":{"rendered":"<p>The first puncture protector made with a dual compound to offer more grip and riding comfort without sacrificing the best puncture protection. This mousse features a hyper-elastic outer layer to ensure greater riding comfort and a harder black inner layer to help absorb and cushion impacts and prevent punctures.<\/p>\n<p>Andreani Group's new tyre insert is optimised to work optimally with tubeless tyres and especially aimed at bikers with an aggressive riding style. It is compatible with any type of Tubeless valve and like many other competitive mousse inserts prevents the dreaded pinch or pinch punctures allowing you to keep riding even with a completely deflated tyre.<\/p>\n<p>Installation:<\/p>\n<p>Remove the tyre bead and place the Supermousse following the circumference of the rim with the black side inwards and cut to the required size by joining the two parts with the flange included in the kit. Then reassemble the tyre and insert the sealing liquid through the Tubeless valve and inflate the tyre to approximately 1 bar of pressure and rotate it so that the liquid is distributed evenly inside.<\/p>\n<p>SuperMousse d.45 - size M \/\/ ALL MTN \/ ENDURO \/\/ wheels 23 to 25<\/p>","protected":false},"excerpt":{"rendered":"<p>El primer protector\u00a0antipinchazos fabricado con un doble compuesto para ofrecer m\u00e1s agarre y comodidad a la hora de rodar sin sacrificar la mejor protecci\u00f3n frente a los pinchazos. Este mousse cuenta con una capa externa hiperel\u00e1stica que asegura un mayor confort de conducci\u00f3n y una capa interna negra m\u00e1s dura que ayuda a absorber y [&hellip;]<\/p>\n","protected":false},"featured_media":2049,"comment_status":"open","ping_status":"closed","template":"","meta":{"_joinchat":[]},"product_brand":[],"product_cat":[216],"product_tag":[],"class_list":{"0":"post-2050","1":"product","2":"type-product","3":"status-publish","4":"has-post-thumbnail","6":"product_cat-accesorios","8":"first","9":"outofstock","10":"taxable","11":"shipping-taxable","12":"purchasable","13":"product-type-simple"},"exclude_global_add_ons":[],"addons":[],"yoast_head":"<!-- This site is optimized with the Yoast SEO plugin v27.3 - https:\/\/yoast.com\/product\/yoast-seo-wordpress\/ -->\n<title>SuperMousse d.45 - talla M \/\/ ALL MTN \/ ENDURO \/\/ ruedas de 2,3 a 2,5 - Suspensiones Felix<\/title>\n<meta name=\"robots\" content=\"index, follow, max-snippet:-1, max-image-preview:large, max-video-preview:-1\" \/>\n<link rel=\"canonical\" href=\"https:\/\/www.suspensionesfelix.com\/en\/product\/supermousse-d-45-talla-m-all-mtn-enduro-ruedas-de-23-a-25\/\" \/>\n<meta property=\"og:locale\" content=\"en_GB\" \/>\n<meta property=\"og:type\" content=\"article\" \/>\n<meta property=\"og:title\" content=\"SuperMousse d.45 - talla M \/\/ ALL MTN \/ ENDURO \/\/ ruedas de 2,3 a 2,5 - Suspensiones Felix\" \/>\n<meta property=\"og:description\" content=\"El primer protector\u00a0antipinchazos fabricado con un doble compuesto para ofrecer m\u00e1s agarre y comodidad a la hora de rodar sin sacrificar la mejor protecci\u00f3n frente a los pinchazos. Este mousse cuenta con una capa externa hiperel\u00e1stica que asegura un mayor confort de conducci\u00f3n y una capa interna negra m\u00e1s dura que ayuda a absorber y [&hellip;]\" \/>\n<meta property=\"og:url\" content=\"https:\/\/www.suspensionesfelix.com\/en\/product\/supermousse-d-45-talla-m-all-mtn-enduro-ruedas-de-23-a-25\/\" \/>\n<meta property=\"og:site_name\" content=\"Suspensiones Felix\" \/>\n<meta name=\"twitter:card\" content=\"summary_large_image\" \/>\n<meta name=\"twitter:label1\" content=\"Estimated reading time\" \/>\n\t<meta name=\"twitter:data1\" content=\"1 minute\" \/>\n<script type=\"application\/ld+json\" class=\"yoast-schema-graph\">{\"@context\":\"https:\\\/\\\/schema.org\",\"@graph\":[{\"@type\":\"WebPage\",\"@id\":\"https:\\\/\\\/www.suspensionesfelix.com\\\/producto\\\/supermousse-d-45-talla-m-all-mtn-enduro-ruedas-de-23-a-25\\\/\",\"url\":\"https:\\\/\\\/www.suspensionesfelix.com\\\/producto\\\/supermousse-d-45-talla-m-all-mtn-enduro-ruedas-de-23-a-25\\\/\",\"name\":\"SuperMousse d.45 - talla M \\\/\\\/ ALL MTN \\\/ ENDURO \\\/\\\/ ruedas de 2,3 a 2,5 - Suspensiones Felix\",\"isPartOf\":{\"@id\":\"https:\\\/\\\/www.suspensionesfelix.com\\\/#website\"},\"primaryImageOfPage\":{\"@id\":\"https:\\\/\\\/www.suspensionesfelix.com\\\/producto\\\/supermousse-d-45-talla-m-all-mtn-enduro-ruedas-de-23-a-25\\\/#primaryimage\"},\"image\":{\"@id\":\"https:\\\/\\\/www.suspensionesfelix.com\\\/producto\\\/supermousse-d-45-talla-m-all-mtn-enduro-ruedas-de-23-a-25\\\/#primaryimage\"},\"thumbnailUrl\":\"https:\\\/\\\/www.suspensionesfelix.com\\\/wp-content\\\/uploads\\\/2024\\\/10\\\/pac1-mflyersupermousse20192-600x428-1.jpg\",\"datePublished\":\"2024-10-30T10:54:57+00:00\",\"breadcrumb\":{\"@id\":\"https:\\\/\\\/www.suspensionesfelix.com\\\/producto\\\/supermousse-d-45-talla-m-all-mtn-enduro-ruedas-de-23-a-25\\\/#breadcrumb\"},\"inLanguage\":\"en-GB\",\"potentialAction\":[{\"@type\":\"ReadAction\",\"target\":[\"https:\\\/\\\/www.suspensionesfelix.com\\\/producto\\\/supermousse-d-45-talla-m-all-mtn-enduro-ruedas-de-23-a-25\\\/\"]}]},{\"@type\":\"ImageObject\",\"inLanguage\":\"en-GB\",\"@id\":\"https:\\\/\\\/www.suspensionesfelix.com\\\/producto\\\/supermousse-d-45-talla-m-all-mtn-enduro-ruedas-de-23-a-25\\\/#primaryimage\",\"url\":\"https:\\\/\\\/www.suspensionesfelix.com\\\/wp-content\\\/uploads\\\/2024\\\/10\\\/pac1-mflyersupermousse20192-600x428-1.jpg\",\"contentUrl\":\"https:\\\/\\\/www.suspensionesfelix.com\\\/wp-content\\\/uploads\\\/2024\\\/10\\\/pac1-mflyersupermousse20192-600x428-1.jpg\",\"width\":600,\"height\":428},{\"@type\":\"BreadcrumbList\",\"@id\":\"https:\\\/\\\/www.suspensionesfelix.com\\\/producto\\\/supermousse-d-45-talla-m-all-mtn-enduro-ruedas-de-23-a-25\\\/#breadcrumb\",\"itemListElement\":[{\"@type\":\"ListItem\",\"position\":1,\"name\":\"Portada\",\"item\":\"https:\\\/\\\/www.suspensionesfelix.com\\\/\"},{\"@type\":\"ListItem\",\"position\":2,\"name\":\"Tienda\",\"item\":\"https:\\\/\\\/www.suspensionesfelix.com\\\/es\\\/tienda\\\/\"},{\"@type\":\"ListItem\",\"position\":3,\"name\":\"SuperMousse d.45 &#8211; talla M \\\/\\\/ ALL MTN \\\/ ENDURO \\\/\\\/ ruedas de 2,3 a 2,5\"}]},{\"@type\":\"WebSite\",\"@id\":\"https:\\\/\\\/www.suspensionesfelix.com\\\/#website\",\"url\":\"https:\\\/\\\/www.suspensionesfelix.com\\\/\",\"name\":\"Suspensiones Felix\",\"description\":\"Mantenimiento y arreglo de bicicletas en Torrevieja\",\"publisher\":{\"@id\":\"https:\\\/\\\/www.suspensionesfelix.com\\\/#organization\"},\"potentialAction\":[{\"@type\":\"SearchAction\",\"target\":{\"@type\":\"EntryPoint\",\"urlTemplate\":\"https:\\\/\\\/www.suspensionesfelix.com\\\/?s={search_term_string}\"},\"query-input\":{\"@type\":\"PropertyValueSpecification\",\"valueRequired\":true,\"valueName\":\"search_term_string\"}}],\"inLanguage\":\"en-GB\"},{\"@type\":\"Organization\",\"@id\":\"https:\\\/\\\/www.suspensionesfelix.com\\\/#organization\",\"name\":\"Suspensiones Felix\",\"url\":\"https:\\\/\\\/www.suspensionesfelix.com\\\/\",\"logo\":{\"@type\":\"ImageObject\",\"inLanguage\":\"en-GB\",\"@id\":\"https:\\\/\\\/www.suspensionesfelix.com\\\/#\\\/schema\\\/logo\\\/image\\\/\",\"url\":\"https:\\\/\\\/www.suspensionesfelix.com\\\/wp-content\\\/uploads\\\/2024\\\/09\\\/cropped-logo-felix.png\",\"contentUrl\":\"https:\\\/\\\/www.suspensionesfelix.com\\\/wp-content\\\/uploads\\\/2024\\\/09\\\/cropped-logo-felix.png\",\"width\":600,\"height\":250,\"caption\":\"Suspensiones Felix\"},\"image\":{\"@id\":\"https:\\\/\\\/www.suspensionesfelix.com\\\/#\\\/schema\\\/logo\\\/image\\\/\"}}]}<\/script>\n<!-- \/ Yoast SEO plugin. -->","yoast_head_json":{"title":"SuperMousse d.45 - talla M \/\/ ALL MTN \/ ENDURO \/\/ ruedas de 2,3 a 2,5 - Suspensiones Felix","robots":{"index":"index","follow":"follow","max-snippet":"max-snippet:-1","max-image-preview":"max-image-preview:large","max-video-preview":"max-video-preview:-1"},"canonical":"https:\/\/www.suspensionesfelix.com\/en\/product\/supermousse-d-45-talla-m-all-mtn-enduro-ruedas-de-23-a-25\/","og_locale":"en_GB","og_type":"article","og_title":"SuperMousse d.45 - talla M \/\/ ALL MTN \/ ENDURO \/\/ ruedas de 2,3 a 2,5 - Suspensiones Felix","og_description":"El primer protector\u00a0antipinchazos fabricado con un doble compuesto para ofrecer m\u00e1s agarre y comodidad a la hora de rodar sin sacrificar la mejor protecci\u00f3n frente a los pinchazos. Este mousse cuenta con una capa externa hiperel\u00e1stica que asegura un mayor confort de conducci\u00f3n y una capa interna negra m\u00e1s dura que ayuda a absorber y [&hellip;]","og_url":"https:\/\/www.suspensionesfelix.com\/en\/product\/supermousse-d-45-talla-m-all-mtn-enduro-ruedas-de-23-a-25\/","og_site_name":"Suspensiones Felix","twitter_card":"summary_large_image","twitter_misc":{"Estimated reading time":"1 minute"},"schema":{"@context":"https:\/\/schema.org","@graph":[{"@type":"WebPage","@id":"https:\/\/www.suspensionesfelix.com\/producto\/supermousse-d-45-talla-m-all-mtn-enduro-ruedas-de-23-a-25\/","url":"https:\/\/www.suspensionesfelix.com\/producto\/supermousse-d-45-talla-m-all-mtn-enduro-ruedas-de-23-a-25\/","name":"SuperMousse d.45 - talla M \/\/ ALL MTN \/ ENDURO \/\/ ruedas de 2,3 a 2,5 - Suspensiones Felix","isPartOf":{"@id":"https:\/\/www.suspensionesfelix.com\/#website"},"primaryImageOfPage":{"@id":"https:\/\/www.suspensionesfelix.com\/producto\/supermousse-d-45-talla-m-all-mtn-enduro-ruedas-de-23-a-25\/#primaryimage"},"image":{"@id":"https:\/\/www.suspensionesfelix.com\/producto\/supermousse-d-45-talla-m-all-mtn-enduro-ruedas-de-23-a-25\/#primaryimage"},"thumbnailUrl":"https:\/\/www.suspensionesfelix.com\/wp-content\/uploads\/2024\/10\/pac1-mflyersupermousse20192-600x428-1.jpg","datePublished":"2024-10-30T10:54:57+00:00","breadcrumb":{"@id":"https:\/\/www.suspensionesfelix.com\/producto\/supermousse-d-45-talla-m-all-mtn-enduro-ruedas-de-23-a-25\/#breadcrumb"},"inLanguage":"en-GB","potentialAction":[{"@type":"ReadAction","target":["https:\/\/www.suspensionesfelix.com\/producto\/supermousse-d-45-talla-m-all-mtn-enduro-ruedas-de-23-a-25\/"]}]},{"@type":"ImageObject","inLanguage":"en-GB","@id":"https:\/\/www.suspensionesfelix.com\/producto\/supermousse-d-45-talla-m-all-mtn-enduro-ruedas-de-23-a-25\/#primaryimage","url":"https:\/\/www.suspensionesfelix.com\/wp-content\/uploads\/2024\/10\/pac1-mflyersupermousse20192-600x428-1.jpg","contentUrl":"https:\/\/www.suspensionesfelix.com\/wp-content\/uploads\/2024\/10\/pac1-mflyersupermousse20192-600x428-1.jpg","width":600,"height":428},{"@type":"BreadcrumbList","@id":"https:\/\/www.suspensionesfelix.com\/producto\/supermousse-d-45-talla-m-all-mtn-enduro-ruedas-de-23-a-25\/#breadcrumb","itemListElement":[{"@type":"ListItem","position":1,"name":"Portada","item":"https:\/\/www.suspensionesfelix.com\/"},{"@type":"ListItem","position":2,"name":"Tienda","item":"https:\/\/www.suspensionesfelix.com\/es\/tienda\/"},{"@type":"ListItem","position":3,"name":"SuperMousse d.45 &#8211; talla M \/\/ ALL MTN \/ ENDURO \/\/ ruedas de 2,3 a 2,5"}]},{"@type":"WebSite","@id":"https:\/\/www.suspensionesfelix.com\/#website","url":"https:\/\/www.suspensionesfelix.com\/","name":"Felix Suspensions","description":"Maintenance and repair of bicycles in Torrevieja","publisher":{"@id":"https:\/\/www.suspensionesfelix.com\/#organization"},"potentialAction":[{"@type":"SearchAction","target":{"@type":"EntryPoint","urlTemplate":"https:\/\/www.suspensionesfelix.com\/?s={search_term_string}"},"query-input":{"@type":"PropertyValueSpecification","valueRequired":true,"valueName":"search_term_string"}}],"inLanguage":"en-GB"},{"@type":"Organization","@id":"https:\/\/www.suspensionesfelix.com\/#organization","name":"Felix Suspensions","url":"https:\/\/www.suspensionesfelix.com\/","logo":{"@type":"ImageObject","inLanguage":"en-GB","@id":"https:\/\/www.suspensionesfelix.com\/#\/schema\/logo\/image\/","url":"https:\/\/www.suspensionesfelix.com\/wp-content\/uploads\/2024\/09\/cropped-logo-felix.png","contentUrl":"https:\/\/www.suspensionesfelix.com\/wp-content\/uploads\/2024\/09\/cropped-logo-felix.png","width":600,"height":250,"caption":"Suspensiones Felix"},"image":{"@id":"https:\/\/www.suspensionesfelix.com\/#\/schema\/logo\/image\/"}}]}},"_links":{"self":[{"href":"https:\/\/www.suspensionesfelix.com\/en\/wp-json\/wp\/v2\/product\/2050","targetHints":{"allow":["GET"]}}],"collection":[{"href":"https:\/\/www.suspensionesfelix.com\/en\/wp-json\/wp\/v2\/product"}],"about":[{"href":"https:\/\/www.suspensionesfelix.com\/en\/wp-json\/wp\/v2\/types\/product"}],"replies":[{"embeddable":true,"href":"https:\/\/www.suspensionesfelix.com\/en\/wp-json\/wp\/v2\/comments?post=2050"}],"wp:featuredmedia":[{"embeddable":true,"href":"https:\/\/www.suspensionesfelix.com\/en\/wp-json\/wp\/v2\/media\/2049"}],"wp:attachment":[{"href":"https:\/\/www.suspensionesfelix.com\/en\/wp-json\/wp\/v2\/media?parent=2050"}],"wp:term":[{"taxonomy":"product_brand","embeddable":true,"href":"https:\/\/www.suspensionesfelix.com\/en\/wp-json\/wp\/v2\/product_brand?post=2050"},{"taxonomy":"product_cat","embeddable":true,"href":"https:\/\/www.suspensionesfelix.com\/en\/wp-json\/wp\/v2\/product_cat?post=2050"},{"taxonomy":"product_tag","embeddable":true,"href":"https:\/\/www.suspensionesfelix.com\/en\/wp-json\/wp\/v2\/product_tag?post=2050"}],"curies":[{"name":"wp","href":"https:\/\/api.w.org\/{rel}","templated":true}]}}