{"id":2066,"date":"2024-10-30T11:55:01","date_gmt":"2024-10-30T10:55:01","guid":{"rendered":"https:\/\/www.suspensionesfelix.com\/producto\/seals-kit-ohlins-38mm\/"},"modified":"2024-10-30T11:55:01","modified_gmt":"2024-10-30T10:55:01","slug":"seals-kit-ohlins-38mm","status":"publish","type":"product","link":"https:\/\/www.suspensionesfelix.com\/en\/product\/seals-kit-ohlins-38mm\/","title":{"rendered":"Seals Kit - OHLINS 38mm"},"content":{"rendered":"<p>The SKF mountain bike seal kit has been developed to provide low friction and maximum ground contact for a better feel while riding.<\/p>\n<p>SKF uses the same compounds for its mountain bike kits as those used for motorbike kits to ensure the same performance.<\/p>\n<p>Contents of the kit<\/p>\n<p>\tTwo roadblocks<br \/>\n\tTwo overalls<br \/>\n\tTwo pre-impregnated rings<\/p>\n<p>Benefits<\/p>\n<p>\tProtection against water and dust.<br \/>\n\tCapable of withstanding UV light.<br \/>\n\tThe lip integrated into the dust cap is designed to be the fork's first protection: it protects against the ingress of dirt and contamination of fork oil and components.<br \/>\n\tThe integrated sealing lip of the oil seal ensures that there is no oil leakage.<br \/>\n\tThe pre-impregnated foam ring is responsible for providing a reduction in friction during driving.<br \/>\n\tRecommended for every fork maintenance.<\/p>","protected":false},"excerpt":{"rendered":"<p>El kit de retenes para mountain bikes de SKF ha sido desarrollado para proporcionar una baja fricci\u00f3n y m\u00e1ximo contacto con el suelo para una mejor sensaci\u00f3n durante la conducci\u00f3n. SKF utiliza los mismos compuestos para sus kits de mountain bike que los usados para los de motocicleta asegurando as\u00ed sus mismas prestaciones. Contenido del [&hellip;]<\/p>\n","protected":false},"featured_media":2065,"comment_status":"open","ping_status":"closed","template":"","meta":{"_joinchat":[]},"product_brand":[],"product_cat":[215],"product_tag":[],"class_list":{"0":"post-2066","1":"product","2":"type-product","3":"status-publish","4":"has-post-thumbnail","6":"product_cat-recambio-horquilla","8":"first","9":"instock","10":"taxable","11":"shipping-taxable","12":"purchasable","13":"product-type-simple"},"exclude_global_add_ons":[],"addons":[],"yoast_head":"<!-- This site is optimized with the Yoast SEO plugin v27.3 - https:\/\/yoast.com\/product\/yoast-seo-wordpress\/ -->\n<title>Seals Kit - OHLINS 38mm - Suspensiones Felix<\/title>\n<meta name=\"robots\" content=\"index, follow, max-snippet:-1, max-image-preview:large, max-video-preview:-1\" \/>\n<link rel=\"canonical\" href=\"https:\/\/www.suspensionesfelix.com\/en\/product\/seals-kit-ohlins-38mm\/\" \/>\n<meta property=\"og:locale\" content=\"en_GB\" \/>\n<meta property=\"og:type\" content=\"article\" \/>\n<meta property=\"og:title\" content=\"Seals Kit - OHLINS 38mm - Suspensiones Felix\" \/>\n<meta property=\"og:description\" content=\"El kit de retenes para mountain bikes de SKF ha sido desarrollado para proporcionar una baja fricci\u00f3n y m\u00e1ximo contacto con el suelo para una mejor sensaci\u00f3n durante la conducci\u00f3n. SKF utiliza los mismos compuestos para sus kits de mountain bike que los usados para los de motocicleta asegurando as\u00ed sus mismas prestaciones. Contenido del [&hellip;]\" \/>\n<meta property=\"og:url\" content=\"https:\/\/www.suspensionesfelix.com\/en\/product\/seals-kit-ohlins-38mm\/\" \/>\n<meta property=\"og:site_name\" content=\"Suspensiones Felix\" \/>\n<meta name=\"twitter:card\" content=\"summary_large_image\" \/>\n<meta name=\"twitter:label1\" content=\"Estimated reading time\" \/>\n\t<meta name=\"twitter:data1\" content=\"1 minute\" \/>\n<script type=\"application\/ld+json\" class=\"yoast-schema-graph\">{\"@context\":\"https:\\\/\\\/schema.org\",\"@graph\":[{\"@type\":\"WebPage\",\"@id\":\"https:\\\/\\\/www.suspensionesfelix.com\\\/producto\\\/seals-kit-ohlins-38mm\\\/\",\"url\":\"https:\\\/\\\/www.suspensionesfelix.com\\\/producto\\\/seals-kit-ohlins-38mm\\\/\",\"name\":\"Seals Kit - OHLINS 38mm - Suspensiones Felix\",\"isPartOf\":{\"@id\":\"https:\\\/\\\/www.suspensionesfelix.com\\\/#website\"},\"primaryImageOfPage\":{\"@id\":\"https:\\\/\\\/www.suspensionesfelix.com\\\/producto\\\/seals-kit-ohlins-38mm\\\/#primaryimage\"},\"image\":{\"@id\":\"https:\\\/\\\/www.suspensionesfelix.com\\\/producto\\\/seals-kit-ohlins-38mm\\\/#primaryimage\"},\"thumbnailUrl\":\"https:\\\/\\\/www.suspensionesfelix.com\\\/wp-content\\\/uploads\\\/2024\\\/10\\\/seals-kit-ohlins-38mm.jpg\",\"datePublished\":\"2024-10-30T10:55:01+00:00\",\"breadcrumb\":{\"@id\":\"https:\\\/\\\/www.suspensionesfelix.com\\\/producto\\\/seals-kit-ohlins-38mm\\\/#breadcrumb\"},\"inLanguage\":\"en-GB\",\"potentialAction\":[{\"@type\":\"ReadAction\",\"target\":[\"https:\\\/\\\/www.suspensionesfelix.com\\\/producto\\\/seals-kit-ohlins-38mm\\\/\"]}]},{\"@type\":\"ImageObject\",\"inLanguage\":\"en-GB\",\"@id\":\"https:\\\/\\\/www.suspensionesfelix.com\\\/producto\\\/seals-kit-ohlins-38mm\\\/#primaryimage\",\"url\":\"https:\\\/\\\/www.suspensionesfelix.com\\\/wp-content\\\/uploads\\\/2024\\\/10\\\/seals-kit-ohlins-38mm.jpg\",\"contentUrl\":\"https:\\\/\\\/www.suspensionesfelix.com\\\/wp-content\\\/uploads\\\/2024\\\/10\\\/seals-kit-ohlins-38mm.jpg\",\"width\":500,\"height\":500},{\"@type\":\"BreadcrumbList\",\"@id\":\"https:\\\/\\\/www.suspensionesfelix.com\\\/producto\\\/seals-kit-ohlins-38mm\\\/#breadcrumb\",\"itemListElement\":[{\"@type\":\"ListItem\",\"position\":1,\"name\":\"Portada\",\"item\":\"https:\\\/\\\/www.suspensionesfelix.com\\\/\"},{\"@type\":\"ListItem\",\"position\":2,\"name\":\"Tienda\",\"item\":\"https:\\\/\\\/www.suspensionesfelix.com\\\/es\\\/tienda\\\/\"},{\"@type\":\"ListItem\",\"position\":3,\"name\":\"Seals Kit &#8211; OHLINS 38mm\"}]},{\"@type\":\"WebSite\",\"@id\":\"https:\\\/\\\/www.suspensionesfelix.com\\\/#website\",\"url\":\"https:\\\/\\\/www.suspensionesfelix.com\\\/\",\"name\":\"Suspensiones Felix\",\"description\":\"Mantenimiento y arreglo de bicicletas en Torrevieja\",\"publisher\":{\"@id\":\"https:\\\/\\\/www.suspensionesfelix.com\\\/#organization\"},\"potentialAction\":[{\"@type\":\"SearchAction\",\"target\":{\"@type\":\"EntryPoint\",\"urlTemplate\":\"https:\\\/\\\/www.suspensionesfelix.com\\\/?s={search_term_string}\"},\"query-input\":{\"@type\":\"PropertyValueSpecification\",\"valueRequired\":true,\"valueName\":\"search_term_string\"}}],\"inLanguage\":\"en-GB\"},{\"@type\":\"Organization\",\"@id\":\"https:\\\/\\\/www.suspensionesfelix.com\\\/#organization\",\"name\":\"Suspensiones Felix\",\"url\":\"https:\\\/\\\/www.suspensionesfelix.com\\\/\",\"logo\":{\"@type\":\"ImageObject\",\"inLanguage\":\"en-GB\",\"@id\":\"https:\\\/\\\/www.suspensionesfelix.com\\\/#\\\/schema\\\/logo\\\/image\\\/\",\"url\":\"https:\\\/\\\/www.suspensionesfelix.com\\\/wp-content\\\/uploads\\\/2024\\\/09\\\/cropped-logo-felix.png\",\"contentUrl\":\"https:\\\/\\\/www.suspensionesfelix.com\\\/wp-content\\\/uploads\\\/2024\\\/09\\\/cropped-logo-felix.png\",\"width\":600,\"height\":250,\"caption\":\"Suspensiones Felix\"},\"image\":{\"@id\":\"https:\\\/\\\/www.suspensionesfelix.com\\\/#\\\/schema\\\/logo\\\/image\\\/\"}}]}<\/script>\n<!-- \/ Yoast SEO plugin. -->","yoast_head_json":{"title":"Seals Kit - OHLINS 38mm - Suspensiones Felix","robots":{"index":"index","follow":"follow","max-snippet":"max-snippet:-1","max-image-preview":"max-image-preview:large","max-video-preview":"max-video-preview:-1"},"canonical":"https:\/\/www.suspensionesfelix.com\/en\/product\/seals-kit-ohlins-38mm\/","og_locale":"en_GB","og_type":"article","og_title":"Seals Kit - OHLINS 38mm - Suspensiones Felix","og_description":"El kit de retenes para mountain bikes de SKF ha sido desarrollado para proporcionar una baja fricci\u00f3n y m\u00e1ximo contacto con el suelo para una mejor sensaci\u00f3n durante la conducci\u00f3n. SKF utiliza los mismos compuestos para sus kits de mountain bike que los usados para los de motocicleta asegurando as\u00ed sus mismas prestaciones. Contenido del [&hellip;]","og_url":"https:\/\/www.suspensionesfelix.com\/en\/product\/seals-kit-ohlins-38mm\/","og_site_name":"Suspensiones Felix","twitter_card":"summary_large_image","twitter_misc":{"Estimated reading time":"1 minute"},"schema":{"@context":"https:\/\/schema.org","@graph":[{"@type":"WebPage","@id":"https:\/\/www.suspensionesfelix.com\/producto\/seals-kit-ohlins-38mm\/","url":"https:\/\/www.suspensionesfelix.com\/producto\/seals-kit-ohlins-38mm\/","name":"Seals Kit - OHLINS 38mm - Suspensiones Felix","isPartOf":{"@id":"https:\/\/www.suspensionesfelix.com\/#website"},"primaryImageOfPage":{"@id":"https:\/\/www.suspensionesfelix.com\/producto\/seals-kit-ohlins-38mm\/#primaryimage"},"image":{"@id":"https:\/\/www.suspensionesfelix.com\/producto\/seals-kit-ohlins-38mm\/#primaryimage"},"thumbnailUrl":"https:\/\/www.suspensionesfelix.com\/wp-content\/uploads\/2024\/10\/seals-kit-ohlins-38mm.jpg","datePublished":"2024-10-30T10:55:01+00:00","breadcrumb":{"@id":"https:\/\/www.suspensionesfelix.com\/producto\/seals-kit-ohlins-38mm\/#breadcrumb"},"inLanguage":"en-GB","potentialAction":[{"@type":"ReadAction","target":["https:\/\/www.suspensionesfelix.com\/producto\/seals-kit-ohlins-38mm\/"]}]},{"@type":"ImageObject","inLanguage":"en-GB","@id":"https:\/\/www.suspensionesfelix.com\/producto\/seals-kit-ohlins-38mm\/#primaryimage","url":"https:\/\/www.suspensionesfelix.com\/wp-content\/uploads\/2024\/10\/seals-kit-ohlins-38mm.jpg","contentUrl":"https:\/\/www.suspensionesfelix.com\/wp-content\/uploads\/2024\/10\/seals-kit-ohlins-38mm.jpg","width":500,"height":500},{"@type":"BreadcrumbList","@id":"https:\/\/www.suspensionesfelix.com\/producto\/seals-kit-ohlins-38mm\/#breadcrumb","itemListElement":[{"@type":"ListItem","position":1,"name":"Portada","item":"https:\/\/www.suspensionesfelix.com\/"},{"@type":"ListItem","position":2,"name":"Tienda","item":"https:\/\/www.suspensionesfelix.com\/es\/tienda\/"},{"@type":"ListItem","position":3,"name":"Seals Kit &#8211; OHLINS 38mm"}]},{"@type":"WebSite","@id":"https:\/\/www.suspensionesfelix.com\/#website","url":"https:\/\/www.suspensionesfelix.com\/","name":"Felix Suspensions","description":"Maintenance and repair of bicycles in Torrevieja","publisher":{"@id":"https:\/\/www.suspensionesfelix.com\/#organization"},"potentialAction":[{"@type":"SearchAction","target":{"@type":"EntryPoint","urlTemplate":"https:\/\/www.suspensionesfelix.com\/?s={search_term_string}"},"query-input":{"@type":"PropertyValueSpecification","valueRequired":true,"valueName":"search_term_string"}}],"inLanguage":"en-GB"},{"@type":"Organization","@id":"https:\/\/www.suspensionesfelix.com\/#organization","name":"Felix Suspensions","url":"https:\/\/www.suspensionesfelix.com\/","logo":{"@type":"ImageObject","inLanguage":"en-GB","@id":"https:\/\/www.suspensionesfelix.com\/#\/schema\/logo\/image\/","url":"https:\/\/www.suspensionesfelix.com\/wp-content\/uploads\/2024\/09\/cropped-logo-felix.png","contentUrl":"https:\/\/www.suspensionesfelix.com\/wp-content\/uploads\/2024\/09\/cropped-logo-felix.png","width":600,"height":250,"caption":"Suspensiones Felix"},"image":{"@id":"https:\/\/www.suspensionesfelix.com\/#\/schema\/logo\/image\/"}}]}},"_links":{"self":[{"href":"https:\/\/www.suspensionesfelix.com\/en\/wp-json\/wp\/v2\/product\/2066","targetHints":{"allow":["GET"]}}],"collection":[{"href":"https:\/\/www.suspensionesfelix.com\/en\/wp-json\/wp\/v2\/product"}],"about":[{"href":"https:\/\/www.suspensionesfelix.com\/en\/wp-json\/wp\/v2\/types\/product"}],"replies":[{"embeddable":true,"href":"https:\/\/www.suspensionesfelix.com\/en\/wp-json\/wp\/v2\/comments?post=2066"}],"wp:featuredmedia":[{"embeddable":true,"href":"https:\/\/www.suspensionesfelix.com\/en\/wp-json\/wp\/v2\/media\/2065"}],"wp:attachment":[{"href":"https:\/\/www.suspensionesfelix.com\/en\/wp-json\/wp\/v2\/media?parent=2066"}],"wp:term":[{"taxonomy":"product_brand","embeddable":true,"href":"https:\/\/www.suspensionesfelix.com\/en\/wp-json\/wp\/v2\/product_brand?post=2066"},{"taxonomy":"product_cat","embeddable":true,"href":"https:\/\/www.suspensionesfelix.com\/en\/wp-json\/wp\/v2\/product_cat?post=2066"},{"taxonomy":"product_tag","embeddable":true,"href":"https:\/\/www.suspensionesfelix.com\/en\/wp-json\/wp\/v2\/product_tag?post=2066"}],"curies":[{"name":"wp","href":"https:\/\/api.w.org\/{rel}","templated":true}]}}