{"id":2221,"date":"2024-11-08T11:13:05","date_gmt":"2024-11-08T10:13:05","guid":{"rendered":"https:\/\/www.suspensionesfelix.com\/producto\/ohlins-horquilla-rxc34-m-1-air-otx14-con-bloqueo-remoto-29-44-120\/"},"modified":"2024-11-08T11:13:05","modified_gmt":"2024-11-08T10:13:05","slug":"ohlins-horquilla-rxc34-m-1-air-otx14-con-bloqueo-remoto-29-44-120","status":"publish","type":"product","link":"https:\/\/www.suspensionesfelix.com\/en\/product\/ohlins-horquilla-rxc34-m-1-air-otx14-con-bloqueo-remoto-29-44-120\/","title":{"rendered":"\u00d6hlins Fork RXC34 m.1 Air OTX14 with remote lockout 29'\/44\/120"},"content":{"rendered":"<p>Unleash the next level of racing performance with our latest front suspension innovation: the RXC34 m.1 fork. Equipped with several race-proven \u00d6hlins technologies including the low-friction floating axle design and ultra-rigid chassis used in our RXF34 forks, the RXC34 m.1 features all-new hydraulics and an updated air cartridge to further improve speed and precision on technical cross country trails.<\/p>\n<p>\u00a0<\/p>\n<p>OTX14 XC hydraulic cartridge and upgraded dual chamber air cartridge<\/p>\n<p>The RXC34 m.1 uses our new OTX14 cartridge optimised for XC. This slim, lightweight cartridge is packed with technology. Extensive efforts were made to perfect the design of the low friction sealing head.<\/p>\n<p>The new OTX14 cartridge is combined with an updated dual air chamber that features a large negative air chamber balanced with the characteristics of hydraulics in all three riding modes: open pedal and lockout. This creates the initial movement needed for superior traction while maintaining predictable, world-class support when pushing at the limit.<\/p>\n<p>The air cartridge has a large negative air chamber to increase sensitivity when sitting and climbing. This can be adjusted with spacers on the piston at one of our MTB service centres. For added versatility the RXC34 m.1 allows you to interchange the air cartridge and hydraulics with our RXF34 forks giving you even more options to adjust your setup.<\/p>\n<p>\u00a0<\/p>\n<p>Remote and manual control options<\/p>\n<p>The RXC34 m.1 front fork is available with remote connection or manual lever. The remote control compatible version has 3 riding modes and 12 clicks of rebound adjustment while the manual version has 3 riding modes 12 clicks of rebound and 12 clicks of low speed compression in the open mode.<\/p>\n<p>For the version with remote connection we have developed a remote control with a flexible solution where it is possible to add a seat post lever under the remote control. It is also highly adjustable: it has three positions for riding modes and adjusts the front and rear suspension at the same time.<\/p>\n<p>Our remote connection is designed for a cable pull of 7.5 mm per position. This means you can use the shock with remote levers from other leading brands. And for those looking for even more versatility our adapter designed for 5.5mm cable pull per click allows compatibility with the DT Swiss remote levers used by the BMC Racing team.<\/p>\n<p>\u00a0<\/p>\n<p>\u00d6hlins XC System<\/p>\n<p>As part of the \u00d6hlins XC suspension system the RXC34 m.1 features an easy to adjust system for air cartridge progressivity and stroke. And with our race proven tuning bench you can adjust the fork to suit your unique riding style and the kinematics of your bike.<\/p>\n<p>Our new XC suspension products have been developed in parallel with front forks and rear shocks designed to complement each other for optimum balance at the front and rear of the bike. Whether you're a seasoned pro, a weekend warrior or somewhere in between, combining the RXC34 m.1 fork with one of our TXCAir shocks will give you confidence inspiring performance that will feel just as good on the Olympic stage as it does on your local trails.<\/p>\n<p>\u00a0<\/p>\n<p>CHARACTERISTICS:<\/p>\n<p>- OTX14 lightweight hydraulic cartridge<\/p>\n<p>- Highly adjustable with race-proven adjustment bench to suit the rider's riding style and bicycle<\/p>\n<p>- Optimised hydraulics for XC<\/p>\n<p>- 3 driving modes developed and tested to save seconds on the racetrack<\/p>\n<p>- Up to 5 positive volume spacers to adjust progressivity (depending on stroke)<\/p>\n<p>- Up to 7 negative spacers for adjusting initial sensitivity<\/p>\n<p>- 110\/120 mm aluminium version with a weight of 1598 g (100 mm version will be available at a later date).<\/p>\n<p>- Remote connection and manual control options<\/p>\n<p>- Remote connection compatible with systems that pull 7.5 mm cable per click<\/p>\n<p>- Adapter available for hand controls and systems that extract 5.5 mm per click.<\/p>\n<p>- Manual control option that adds 12 clicks of low-speed compression in open mode<\/p>\n<p>- 12 clicks of rebound adjustment<\/p>","protected":false},"excerpt":{"rendered":"<p>Desata el siguiente nivel de rendimiento en carreras con nuestra \u00faltima innovaci\u00f3n en suspensi\u00f3n delantera: la horquilla RXC34 m.1. Equipada con varias tecnolog\u00edas \u00d6hlins probadas en competiciones incluido el dise\u00f1o de eje flotante de baja fricci\u00f3n y el chasis ultrar\u00edgido utilizado en nuestras horquillas RXF34 la RXC34 m.1 incorpora un hidr\u00e1ulico completamente nuevo y un [&hellip;]<\/p>\n","protected":false},"featured_media":2220,"comment_status":"open","ping_status":"closed","template":"","meta":{"_joinchat":[]},"product_brand":[],"product_cat":[220],"product_tag":[],"class_list":{"0":"post-2221","1":"product","2":"type-product","3":"status-publish","4":"has-post-thumbnail","6":"product_cat-suspensiones","8":"first","9":"instock","10":"taxable","11":"shipping-taxable","12":"purchasable","13":"product-type-simple"},"exclude_global_add_ons":[],"addons":[],"yoast_head":"<!-- This site is optimized with the Yoast SEO plugin v27.3 - https:\/\/yoast.com\/product\/yoast-seo-wordpress\/ -->\n<title>\u00d6hlins Horquilla RXC34 m.1 Air OTX14 con bloqueo remoto 29\u00b4\u00b4\/44\/120 - Suspensiones Felix<\/title>\n<meta name=\"robots\" content=\"index, follow, max-snippet:-1, max-image-preview:large, max-video-preview:-1\" \/>\n<link rel=\"canonical\" href=\"https:\/\/www.suspensionesfelix.com\/en\/product\/ohlins-horquilla-rxc34-m-1-air-otx14-con-bloqueo-remoto-29-44-120\/\" \/>\n<meta property=\"og:locale\" content=\"en_GB\" \/>\n<meta property=\"og:type\" content=\"article\" \/>\n<meta property=\"og:title\" content=\"\u00d6hlins Horquilla RXC34 m.1 Air OTX14 con bloqueo remoto 29\u00b4\u00b4\/44\/120 - Suspensiones Felix\" \/>\n<meta property=\"og:description\" content=\"Desata el siguiente nivel de rendimiento en carreras con nuestra \u00faltima innovaci\u00f3n en suspensi\u00f3n delantera: la horquilla RXC34 m.1. Equipada con varias tecnolog\u00edas \u00d6hlins probadas en competiciones incluido el dise\u00f1o de eje flotante de baja fricci\u00f3n y el chasis ultrar\u00edgido utilizado en nuestras horquillas RXF34 la RXC34 m.1 incorpora un hidr\u00e1ulico completamente nuevo y un [&hellip;]\" \/>\n<meta property=\"og:url\" content=\"https:\/\/www.suspensionesfelix.com\/en\/product\/ohlins-horquilla-rxc34-m-1-air-otx14-con-bloqueo-remoto-29-44-120\/\" \/>\n<meta property=\"og:site_name\" content=\"Suspensiones Felix\" \/>\n<meta name=\"twitter:card\" content=\"summary_large_image\" \/>\n<meta name=\"twitter:label1\" content=\"Estimated reading time\" \/>\n\t<meta name=\"twitter:data1\" content=\"4 minutes\" \/>\n<script type=\"application\/ld+json\" class=\"yoast-schema-graph\">{\"@context\":\"https:\\\/\\\/schema.org\",\"@graph\":[{\"@type\":\"WebPage\",\"@id\":\"https:\\\/\\\/www.suspensionesfelix.com\\\/producto\\\/ohlins-horquilla-rxc34-m-1-air-otx14-con-bloqueo-remoto-29-44-120\\\/\",\"url\":\"https:\\\/\\\/www.suspensionesfelix.com\\\/producto\\\/ohlins-horquilla-rxc34-m-1-air-otx14-con-bloqueo-remoto-29-44-120\\\/\",\"name\":\"\u00d6hlins Horquilla RXC34 m.1 Air OTX14 con bloqueo remoto 29\u00b4\u00b4\\\/44\\\/120 - Suspensiones Felix\",\"isPartOf\":{\"@id\":\"https:\\\/\\\/www.suspensionesfelix.com\\\/#website\"},\"primaryImageOfPage\":{\"@id\":\"https:\\\/\\\/www.suspensionesfelix.com\\\/producto\\\/ohlins-horquilla-rxc34-m-1-air-otx14-con-bloqueo-remoto-29-44-120\\\/#primaryimage\"},\"image\":{\"@id\":\"https:\\\/\\\/www.suspensionesfelix.com\\\/producto\\\/ohlins-horquilla-rxc34-m-1-air-otx14-con-bloqueo-remoto-29-44-120\\\/#primaryimage\"},\"thumbnailUrl\":\"https:\\\/\\\/www.suspensionesfelix.com\\\/wp-content\\\/uploads\\\/2024\\\/11\\\/ohlins-mtb-horquilla-rcx34-m1-air-otx14-con-bloqueo-remoto-2944120-1.jpg\",\"datePublished\":\"2024-11-08T10:13:05+00:00\",\"breadcrumb\":{\"@id\":\"https:\\\/\\\/www.suspensionesfelix.com\\\/producto\\\/ohlins-horquilla-rxc34-m-1-air-otx14-con-bloqueo-remoto-29-44-120\\\/#breadcrumb\"},\"inLanguage\":\"en-GB\",\"potentialAction\":[{\"@type\":\"ReadAction\",\"target\":[\"https:\\\/\\\/www.suspensionesfelix.com\\\/producto\\\/ohlins-horquilla-rxc34-m-1-air-otx14-con-bloqueo-remoto-29-44-120\\\/\"]}]},{\"@type\":\"ImageObject\",\"inLanguage\":\"en-GB\",\"@id\":\"https:\\\/\\\/www.suspensionesfelix.com\\\/producto\\\/ohlins-horquilla-rxc34-m-1-air-otx14-con-bloqueo-remoto-29-44-120\\\/#primaryimage\",\"url\":\"https:\\\/\\\/www.suspensionesfelix.com\\\/wp-content\\\/uploads\\\/2024\\\/11\\\/ohlins-mtb-horquilla-rcx34-m1-air-otx14-con-bloqueo-remoto-2944120-1.jpg\",\"contentUrl\":\"https:\\\/\\\/www.suspensionesfelix.com\\\/wp-content\\\/uploads\\\/2024\\\/11\\\/ohlins-mtb-horquilla-rcx34-m1-air-otx14-con-bloqueo-remoto-2944120-1.jpg\",\"width\":900,\"height\":600},{\"@type\":\"BreadcrumbList\",\"@id\":\"https:\\\/\\\/www.suspensionesfelix.com\\\/producto\\\/ohlins-horquilla-rxc34-m-1-air-otx14-con-bloqueo-remoto-29-44-120\\\/#breadcrumb\",\"itemListElement\":[{\"@type\":\"ListItem\",\"position\":1,\"name\":\"Portada\",\"item\":\"https:\\\/\\\/www.suspensionesfelix.com\\\/\"},{\"@type\":\"ListItem\",\"position\":2,\"name\":\"Tienda\",\"item\":\"https:\\\/\\\/www.suspensionesfelix.com\\\/es\\\/tienda\\\/\"},{\"@type\":\"ListItem\",\"position\":3,\"name\":\"\u00d6hlins Horquilla RXC34 m.1 Air OTX14 con bloqueo remoto 29\u00b4\u00b4\\\/44\\\/120\"}]},{\"@type\":\"WebSite\",\"@id\":\"https:\\\/\\\/www.suspensionesfelix.com\\\/#website\",\"url\":\"https:\\\/\\\/www.suspensionesfelix.com\\\/\",\"name\":\"Suspensiones Felix\",\"description\":\"Mantenimiento y arreglo de bicicletas en Torrevieja\",\"publisher\":{\"@id\":\"https:\\\/\\\/www.suspensionesfelix.com\\\/#organization\"},\"potentialAction\":[{\"@type\":\"SearchAction\",\"target\":{\"@type\":\"EntryPoint\",\"urlTemplate\":\"https:\\\/\\\/www.suspensionesfelix.com\\\/?s={search_term_string}\"},\"query-input\":{\"@type\":\"PropertyValueSpecification\",\"valueRequired\":true,\"valueName\":\"search_term_string\"}}],\"inLanguage\":\"en-GB\"},{\"@type\":\"Organization\",\"@id\":\"https:\\\/\\\/www.suspensionesfelix.com\\\/#organization\",\"name\":\"Suspensiones Felix\",\"url\":\"https:\\\/\\\/www.suspensionesfelix.com\\\/\",\"logo\":{\"@type\":\"ImageObject\",\"inLanguage\":\"en-GB\",\"@id\":\"https:\\\/\\\/www.suspensionesfelix.com\\\/#\\\/schema\\\/logo\\\/image\\\/\",\"url\":\"https:\\\/\\\/www.suspensionesfelix.com\\\/wp-content\\\/uploads\\\/2024\\\/09\\\/cropped-logo-felix.png\",\"contentUrl\":\"https:\\\/\\\/www.suspensionesfelix.com\\\/wp-content\\\/uploads\\\/2024\\\/09\\\/cropped-logo-felix.png\",\"width\":600,\"height\":250,\"caption\":\"Suspensiones Felix\"},\"image\":{\"@id\":\"https:\\\/\\\/www.suspensionesfelix.com\\\/#\\\/schema\\\/logo\\\/image\\\/\"}}]}<\/script>\n<!-- \/ Yoast SEO plugin. -->","yoast_head_json":{"title":"\u00d6hlins Horquilla RXC34 m.1 Air OTX14 con bloqueo remoto 29\u00b4\u00b4\/44\/120 - Suspensiones Felix","robots":{"index":"index","follow":"follow","max-snippet":"max-snippet:-1","max-image-preview":"max-image-preview:large","max-video-preview":"max-video-preview:-1"},"canonical":"https:\/\/www.suspensionesfelix.com\/en\/product\/ohlins-horquilla-rxc34-m-1-air-otx14-con-bloqueo-remoto-29-44-120\/","og_locale":"en_GB","og_type":"article","og_title":"\u00d6hlins Horquilla RXC34 m.1 Air OTX14 con bloqueo remoto 29\u00b4\u00b4\/44\/120 - Suspensiones Felix","og_description":"Desata el siguiente nivel de rendimiento en carreras con nuestra \u00faltima innovaci\u00f3n en suspensi\u00f3n delantera: la horquilla RXC34 m.1. Equipada con varias tecnolog\u00edas \u00d6hlins probadas en competiciones incluido el dise\u00f1o de eje flotante de baja fricci\u00f3n y el chasis ultrar\u00edgido utilizado en nuestras horquillas RXF34 la RXC34 m.1 incorpora un hidr\u00e1ulico completamente nuevo y un [&hellip;]","og_url":"https:\/\/www.suspensionesfelix.com\/en\/product\/ohlins-horquilla-rxc34-m-1-air-otx14-con-bloqueo-remoto-29-44-120\/","og_site_name":"Suspensiones Felix","twitter_card":"summary_large_image","twitter_misc":{"Estimated reading time":"4 minutes"},"schema":{"@context":"https:\/\/schema.org","@graph":[{"@type":"WebPage","@id":"https:\/\/www.suspensionesfelix.com\/producto\/ohlins-horquilla-rxc34-m-1-air-otx14-con-bloqueo-remoto-29-44-120\/","url":"https:\/\/www.suspensionesfelix.com\/producto\/ohlins-horquilla-rxc34-m-1-air-otx14-con-bloqueo-remoto-29-44-120\/","name":"\u00d6hlins Horquilla RXC34 m.1 Air OTX14 con bloqueo remoto 29\u00b4\u00b4\/44\/120 - Suspensiones Felix","isPartOf":{"@id":"https:\/\/www.suspensionesfelix.com\/#website"},"primaryImageOfPage":{"@id":"https:\/\/www.suspensionesfelix.com\/producto\/ohlins-horquilla-rxc34-m-1-air-otx14-con-bloqueo-remoto-29-44-120\/#primaryimage"},"image":{"@id":"https:\/\/www.suspensionesfelix.com\/producto\/ohlins-horquilla-rxc34-m-1-air-otx14-con-bloqueo-remoto-29-44-120\/#primaryimage"},"thumbnailUrl":"https:\/\/www.suspensionesfelix.com\/wp-content\/uploads\/2024\/11\/ohlins-mtb-horquilla-rcx34-m1-air-otx14-con-bloqueo-remoto-2944120-1.jpg","datePublished":"2024-11-08T10:13:05+00:00","breadcrumb":{"@id":"https:\/\/www.suspensionesfelix.com\/producto\/ohlins-horquilla-rxc34-m-1-air-otx14-con-bloqueo-remoto-29-44-120\/#breadcrumb"},"inLanguage":"en-GB","potentialAction":[{"@type":"ReadAction","target":["https:\/\/www.suspensionesfelix.com\/producto\/ohlins-horquilla-rxc34-m-1-air-otx14-con-bloqueo-remoto-29-44-120\/"]}]},{"@type":"ImageObject","inLanguage":"en-GB","@id":"https:\/\/www.suspensionesfelix.com\/producto\/ohlins-horquilla-rxc34-m-1-air-otx14-con-bloqueo-remoto-29-44-120\/#primaryimage","url":"https:\/\/www.suspensionesfelix.com\/wp-content\/uploads\/2024\/11\/ohlins-mtb-horquilla-rcx34-m1-air-otx14-con-bloqueo-remoto-2944120-1.jpg","contentUrl":"https:\/\/www.suspensionesfelix.com\/wp-content\/uploads\/2024\/11\/ohlins-mtb-horquilla-rcx34-m1-air-otx14-con-bloqueo-remoto-2944120-1.jpg","width":900,"height":600},{"@type":"BreadcrumbList","@id":"https:\/\/www.suspensionesfelix.com\/producto\/ohlins-horquilla-rxc34-m-1-air-otx14-con-bloqueo-remoto-29-44-120\/#breadcrumb","itemListElement":[{"@type":"ListItem","position":1,"name":"Portada","item":"https:\/\/www.suspensionesfelix.com\/"},{"@type":"ListItem","position":2,"name":"Tienda","item":"https:\/\/www.suspensionesfelix.com\/es\/tienda\/"},{"@type":"ListItem","position":3,"name":"\u00d6hlins Horquilla RXC34 m.1 Air OTX14 con bloqueo remoto 29\u00b4\u00b4\/44\/120"}]},{"@type":"WebSite","@id":"https:\/\/www.suspensionesfelix.com\/#website","url":"https:\/\/www.suspensionesfelix.com\/","name":"Felix Suspensions","description":"Maintenance and repair of bicycles in Torrevieja","publisher":{"@id":"https:\/\/www.suspensionesfelix.com\/#organization"},"potentialAction":[{"@type":"SearchAction","target":{"@type":"EntryPoint","urlTemplate":"https:\/\/www.suspensionesfelix.com\/?s={search_term_string}"},"query-input":{"@type":"PropertyValueSpecification","valueRequired":true,"valueName":"search_term_string"}}],"inLanguage":"en-GB"},{"@type":"Organization","@id":"https:\/\/www.suspensionesfelix.com\/#organization","name":"Felix Suspensions","url":"https:\/\/www.suspensionesfelix.com\/","logo":{"@type":"ImageObject","inLanguage":"en-GB","@id":"https:\/\/www.suspensionesfelix.com\/#\/schema\/logo\/image\/","url":"https:\/\/www.suspensionesfelix.com\/wp-content\/uploads\/2024\/09\/cropped-logo-felix.png","contentUrl":"https:\/\/www.suspensionesfelix.com\/wp-content\/uploads\/2024\/09\/cropped-logo-felix.png","width":600,"height":250,"caption":"Suspensiones Felix"},"image":{"@id":"https:\/\/www.suspensionesfelix.com\/#\/schema\/logo\/image\/"}}]}},"_links":{"self":[{"href":"https:\/\/www.suspensionesfelix.com\/en\/wp-json\/wp\/v2\/product\/2221","targetHints":{"allow":["GET"]}}],"collection":[{"href":"https:\/\/www.suspensionesfelix.com\/en\/wp-json\/wp\/v2\/product"}],"about":[{"href":"https:\/\/www.suspensionesfelix.com\/en\/wp-json\/wp\/v2\/types\/product"}],"replies":[{"embeddable":true,"href":"https:\/\/www.suspensionesfelix.com\/en\/wp-json\/wp\/v2\/comments?post=2221"}],"wp:featuredmedia":[{"embeddable":true,"href":"https:\/\/www.suspensionesfelix.com\/en\/wp-json\/wp\/v2\/media\/2220"}],"wp:attachment":[{"href":"https:\/\/www.suspensionesfelix.com\/en\/wp-json\/wp\/v2\/media?parent=2221"}],"wp:term":[{"taxonomy":"product_brand","embeddable":true,"href":"https:\/\/www.suspensionesfelix.com\/en\/wp-json\/wp\/v2\/product_brand?post=2221"},{"taxonomy":"product_cat","embeddable":true,"href":"https:\/\/www.suspensionesfelix.com\/en\/wp-json\/wp\/v2\/product_cat?post=2221"},{"taxonomy":"product_tag","embeddable":true,"href":"https:\/\/www.suspensionesfelix.com\/en\/wp-json\/wp\/v2\/product_tag?post=2221"}],"curies":[{"name":"wp","href":"https:\/\/api.w.org\/{rel}","templated":true}]}}