{"id":507,"date":"2020-06-01T14:12:32","date_gmt":"2020-06-01T14:12:32","guid":{"rendered":"https:\/\/themebing.com\/wp\/automax\/?page_id=507"},"modified":"2024-10-24T09:47:16","modified_gmt":"2024-10-24T07:47:16","slug":"terminos-condiciones-venta","status":"publish","type":"page","link":"https:\/\/www.suspensionesfelix.com\/es\/terminos-condiciones-venta\/","title":{"rendered":"T\u00e9rminos y condiciones de venta"},"content":{"rendered":"\t\t<div data-elementor-type=\"wp-page\" data-elementor-id=\"507\" class=\"elementor elementor-507\">\n\t\t\t\t\t\t<section class=\"elementor-section elementor-top-section elementor-element elementor-element-7a5a87d2 elementor-section-boxed elementor-section-height-default elementor-section-height-default\" data-id=\"7a5a87d2\" data-element_type=\"section\" data-e-type=\"section\">\n\t\t\t\t\t\t<div class=\"elementor-container elementor-column-gap-default\">\n\t\t\t\t\t<div class=\"elementor-column elementor-col-100 elementor-top-column elementor-element elementor-element-78dab1ce\" data-id=\"78dab1ce\" data-element_type=\"column\" data-e-type=\"column\">\n\t\t\t<div class=\"elementor-widget-wrap elementor-element-populated\">\n\t\t\t\t\t\t<div class=\"elementor-element elementor-element-7f30555f elementor-widget elementor-widget-text-editor\" data-id=\"7f30555f\" data-element_type=\"widget\" data-e-type=\"widget\" data-widget_type=\"text-editor.default\">\n\t\t\t\t<div class=\"elementor-widget-container\">\n\t\t\t\t\t\t\t\t\t<h2>LEY DE SERVICIOS DE LA SOCIEDAD DE LA INFORMACI\u00d3N (LSSI)<\/h2>\n<p>SUSPENSIONES FELIX, responsable del sitio web, en adelante RESPONSABLE, pone a disposici\u00f3n de los usuarios el presente documento, con el que pretende dar cumplimiento a las obligaciones dispuestas en la Ley 34\/2002, de 11 de julio, de Servicios de la Sociedad de la Informaci\u00f3n y de Comercio Electr\u00f3nico. (LSSICE), BOE n\u00fam. 166, as\u00ed como informar a todos los usuarios del sitio web respecto a cu\u00e1les son las condiciones de uso.<\/p>\n<p>Toda persona que acceda a este sitio web asume el papel de usuario, comprometi\u00e9ndose a la observancia y cumplimiento riguroso de las disposiciones aqu\u00ed dispuestas, as\u00ed como a cualquier otra disposici\u00f3n legal que fuera de aplicaci\u00f3n.<\/p>\n<p>SUSPENSIONES FELIXse reserva el derecho a modificar cualquier tipo de informaci\u00f3n que pudiera aparecer en el sitio web, sin que exista obligaci\u00f3n de preavisar o poner en conocimiento de los usuarios dichas obligaciones, entendi\u00e9ndose como suficiente con la publicaci\u00f3n en el sitio web de SUSPENSIONES FELIX.<\/p>\n<h3>1. DATOS IDENTIFICATIVOS<\/h3>\n<p>Nombre de dominio: suspensionesfelix.com<\/p>\n<p>Nombre comercial: SUSPENSIONES F\u00c9LIX<\/p>\n<p>Raz\u00f3n social: FELIX MIGUEL BARONA GALLEGO<\/p>\n<p>NIF: 15419458M<\/p>\n<p>Domicilio social: CALLE FELIX RODRIGUEZ DE LA FUENTE 45A. 03184. TORREVIEJA. ALICANTE<\/p>\n<p>Tel\u00e9fono: 675 249 630<\/p>\n<p>Correo electr\u00f3nico: info@suspensionesfelix.com<\/p>\n<h3>2. DERECHOS DE PROPIEDAD INTELECTUAL E INDUSTRIAL<\/h3>\n<p>El sitio web, incluyendo a t\u00edtulo enunciativo pero no limitativo su programaci\u00f3n, edici\u00f3n, compilaci\u00f3n y dem\u00e1s elementos necesarios para su funcionamiento, los dise\u00f1os, logotipos, texto y\/o gr\u00e1ficos, son propiedad del RESPONSABLE o en su caso dispone de licencia o autorizaci\u00f3n expresa. por los autores. Todos los contenidos del sitio web se encuentran debidamente protegidos por la normativa de propiedad intelectual e industrial, as\u00ed como inscritos en los registros p\u00fablicos correspondientes. Independientemente de la finalidad para la que fueran destinados, la reproducci\u00f3n total o parcial, uso, explotaci\u00f3n, distribuci\u00f3n y comercializaci\u00f3n, requiere en todo caso de la autorizaci\u00f3n escrita previa por parte del RESPONSABLE. Cualquier uso no autorizado previamente es considerado un incumplimiento grave de los derechos de propiedad intelectual o industrial del autor.<\/p>\n<p>Los dise\u00f1os, logotipos, texto y\/o gr\u00e1ficos ajenos al RESPONSABLE y que pudieran aparecer en el sitio web, pertenecen a sus respectivos propietarios, siendo ellos mismos responsables de cualquier posible controversia que pudiera suscitarse respecto a los mismos. El RESPONSABLE autoriza expresamente a que terceros puedan redirigir directamente a los contenidos concretos del sitio web, y en todo caso redirigir al sitio web principal de suspensionesfelix.com.<\/p>\n<p>El RESPONSABLE reconoce a favor de sus titulares los correspondientes derechos de propiedad intelectual e industrial, no implicando su sola menci\u00f3n o aparici\u00f3n en el sitio web la existencia de derechos o responsabilidad alguna sobre los mismos, como tampoco respaldo, patrocinio o recomendaci\u00f3n por parte del mismo.<\/p>\n<p>Para realizar cualquier tipo de observaci\u00f3n respecto a posibles incumplimientos de los derechos de propiedad intelectual o industrial, as\u00ed como sobre cualquiera de los contenidos del sitio web, puede hacerlo a trav\u00e9s del correo electr\u00f3nico info@suspensionesfelix.com<\/p>\n<h3>3. EXENCI\u00d3N DE RESPONSABILIDAD<\/h3>\n<p>El RESPONSABLE se exime de cualquier tipo de responsabilidad derivada de la informaci\u00f3n publicada en su sitio web siempre que no tenga conocimiento efectivo de que dicha informaci\u00f3n ha sido manipulada o introducida por un tercero ajeno al mismo o, en su caso, haya actuado con diligencia para retirar los datos o hacer imposible el acceso a los mismos.<\/p>\n<h4>Uso de cookies<\/h4>\n<p>Este sitio web puede utilizar cookies t\u00e9cnicas (peque\u00f1os archivos de informaci\u00f3n que el servidor env\u00eda al ordenador de quien accede a la p\u00e1gina) para llevar a cabo determinadas funciones que son consideradas imprescindibles para el correcto funcionamiento y visualizaci\u00f3n del sitio. Las cookies utilizadas tienen, en todo caso, car\u00e1cter temporal con la \u00fanica finalidad de hacer m\u00e1s eficaz la navegaci\u00f3n y desaparecen al terminar la sesi\u00f3n del usuario. En ning\u00fan caso, estas cookies proporcionan por s\u00ed mismas datos de car\u00e1cter personal y no se utilizar\u00e1n para recogerlos.<\/p>\n<p>Mediante el uso de las cookies tambi\u00e9n es posible que el servidor donde se encuentra la web reconozca el navegador utilizado por el usuario con la finalidad de que la navegaci\u00f3n sea m\u00e1s sencilla, permitiendo, por ejemplo, el acceso de los usuarios que se hayan registrado previamente a las \u00e1reas, servicios, promociones o concursos reservados exclusivamente a ellos sin necesidad de registrarse en cada visita. Tambi\u00e9n se pueden utilizar para medir la audiencia, par\u00e1metros del tr\u00e1fico, controlar el progreso y n\u00famero de entradas, etc., siendo cookies t\u00e9cnicamente prescindibles en estos casos, pero beneficiosas para el usuario. Este sitio web no instalar\u00e1 cookies prescindibles sin el consentimiento previo del usuario.<\/p>\n<p>El usuario tiene la posibilidad de configurar su navegador para ser avisado de la recepci\u00f3n de cookies y para impedir su instalaci\u00f3n en su equipo. Por favor, consulte las instrucciones de su navegador para m\u00e1s informaci\u00f3n.<\/p>\n<h4>Pol\u00edtica de enlaces<\/h4>\n<p>Desde el sitio web, puede ser redirigido a contenido de sitios web de terceros. Dado que el RESPONSABLE no puede controlar siempre los contenidos introducidos por los terceros en sus respectivos sitios web, no asume ning\u00fan tipo de responsabilidad respecto a dichos contenidos. En todo caso, se proceder\u00e1 a la retirada inmediata de cualquier contenido que pudiera contravenir la legislaci\u00f3n nacional o internacional, la moral o el orden p\u00fablico, procedi\u00e9ndose a la retirada inmediata de la redirecci\u00f3n a dicho sitio web, informando a las autoridades competentes del contenido. en cuesti\u00f3n.<\/p>\n<p>El RESPONSABLE no se hace responsable de la informaci\u00f3n y contenidos almacenados, a t\u00edtulo enunciativo pero no limitativo, en foros, chats, generadores de blogs, comentarios, redes sociales o cualquier otro medio que permita a terceros publicar contenidos de forma independiente en el sitio web. del RESPONSABLE. No obstante, y en cumplimiento de lo dispuesto en los art\u00edculos 11 y 16 de la LSSICE, se pone a disposici\u00f3n de todos los usuarios, autoridades y fuerzas de seguridad, colaborando de forma activa en la retirada o, en su caso, bloqueo de todos aquellos contenidos que puedan afectar o contravenir la legislaci\u00f3n nacional o internacional, los derechos de terceros o la moral y el orden p\u00fablico. En caso de que el usuario considere que existe en el sitio web alg\u00fan contenido que pudiera ser susceptible de esta clasificaci\u00f3n, se ruega lo notifique de forma inmediata al administrador del sitio web.<\/p>\n<p>Este sitio web ha sido revisado y probado para que funcione correctamente. En principio, se puede garantizar el correcto funcionamiento los 365 d\u00edas del a\u00f1o, las 24 horas del d\u00eda. No obstante, el RESPONSABLE no descarta la posibilidad de que existan determinados errores de programaci\u00f3n, o que se produzcan causas de fuerza mayor, cat\u00e1strofes naturales, huelgas o circunstancias an\u00e1logas que hagan imposible el acceso al sitio web.<\/p>\n<h4>Direcciones IP<\/h4>\n<p>Los servidores del sitio web podr\u00e1n detectar de forma autom\u00e1tica la direcci\u00f3n IP y el nombre de dominio utilizados por el usuario. Una direcci\u00f3n IP es un n\u00famero asignado autom\u00e1ticamente a una computadora cuando se conecta a Internet. Toda esta informaci\u00f3n queda registrada en un fichero de actividad del servidor que permite el posterior tratamiento de los datos con el fin de obtener mediciones \u00fanicamente estad\u00edsticas que permitan conocer el n\u00famero de impresiones de p\u00e1ginas, el n\u00famero de visitas realizadas a los servidores web, el orden de las visitas, la punto de acceso, etc<\/p>\n<h3>4. LEY APLICABLE Y JURISDICCI\u00d3N<\/h3>\n<p>Para la resoluci\u00f3n de todas las controversias o cuestiones relacionadas con el presente sitio web o de las actividades en \u00e9l desarrolladas, ser\u00e1 de aplicaci\u00f3n la legislaci\u00f3n espa\u00f1ola, a la que se someten expresamente las partes, siendo competentes para la resoluci\u00f3n de todos los conflictos derivados o relacionados con su uso los Juzgados y Tribunales de Torrevieja.<\/p>\n<h3>5. FORMAS DE COMPRA<\/h3>\n<p>Nuestro sitio web proporciona un sistema TPV virtual proporcionado por la tecnolog\u00eda Redsys, as\u00ed como pago por transferencia bancaria.<\/p>\n<p>El usuario debe considerar que somos la entidad responsable de la operaci\u00f3n, pero es proporcionado por un servicio externo con una comunicaci\u00f3n encriptada por protocolo SSL. No solo no guardamos sus datos de pago, sino que tampoco compartimos su informaci\u00f3n personal con nadie. No podemos ver su informaci\u00f3n de pago porque el sistema es atendido por un proveedor externo.<\/p>\n<h3>6. POL\u00cdTICA DE COMPRA Y DEVOLUCIONES<\/h3>\n<p>El RESPONSABLE se encargar\u00e1 de tramitar la recogida del producto que el CLIENTE desee realizar la intervenci\u00f3n y lo depositar\u00e1 en dependencias propias para su correcto tratamiento. El CLIENTE ser\u00e1 el responsable del correcto embalaje del mismo y de identificar correctamente los datos del remitente y destinatario. El RESPONSABLE declinar\u00e1 cualquier tipo de responsabilidad como consecuencia de los da\u00f1os ocasionados por su incorrecto embalaje durante el transporte, as\u00ed como p\u00e9rdidas o extrav\u00edos provocados por una identificaci\u00f3n incorrecta de las partes interesadas en el env\u00edo. Una vez recibido el env\u00edo del CLIENTE, SUSPENSIONES FELIX valorar\u00e1 la intervenci\u00f3n a realizar. En el caso de que CLIENTE hubiese seleccionado un servicio de coste inferior al m\u00ednimo exigible por SUSPENSIONES FELIX , debido a la naturaleza del objeto a realizar la intervenci\u00f3n, SUSPENSIONES FELIX notificar\u00e1 de esta circunstancia al CLIENTE antes de realizar intervenci\u00f3n ninguna, existiendo el derecho a un desistimiento del servicio mediante el cual SUSPENSIONES FELIX devolver\u00e1 el producto al CLIENTE sin manipular devengando los costes de transporte del producto respecto al precio abonado por el CLIENTE. Todos los precios mostrados en la web no incluyen impuestos. El precio final se mostrar\u00e1 con los impuestos desglosados en el proceso de checkout. Los precios, salvo error t\u00e9cnico, son los que aparecen en este sitio Web. SUSPENSIONES FELIX podr\u00e1 hacer una variaci\u00f3n en los mismos sin previo aviso al CLIENTE, salvo en aquellos casos donde el CLIENTE ya hubiese hecho efectivo el abono de un producto o servicio, sin menoscabo de todo lo indicado anteriormente.<\/p>\n<p>El abono del servicio por parte de EL CLIENTE otorga a SUSPENSIONES FELIX , de forma expl\u00edcita, su autorizaci\u00f3n a realizar la intervenci\u00f3n deseada. En caso de que el CLIENTE desee desistir de la intervenci\u00f3n, deber\u00e1 manifestarlo por escrito a SUSPENSIONES FELIX antes de la fecha de recepci\u00f3n del env\u00edo por parte de SUSPENSIONES FELIX en el taller a trav\u00e9s de correo electr\u00f3nico info@suspensionesfelix.com. En ese caso SUSPENSIONES FELIX devolver\u00e1 el producto sin manipular al CLIENTE, con el devengo de los costes de transporte y\/o gesti\u00f3n pertinentes.<\/p>\n<p>Los clientes deben proporcionarnos la identificaci\u00f3n del pedido para encontrar su servicio. Recuerda dec\u00edrnoslo por tel\u00e9fono, tambi\u00e9n por correo electr\u00f3nico si nos est\u00e1s enviando un correo. Si no nos lo facilita no podemos considerarlo como una solicitud formal y, por tanto, no se considerar\u00e1 como una solicitud correcta para solicitar un reembolso.<\/p>\n<p>Cualquier solicitud de reembolso aceptada se ejecutar\u00e1 a trav\u00e9s del mismo m\u00e9todo que el pago original.<\/p>\n<h3>7. POL\u00cdTICA DE ENTREGA DE PRODUCTOS<\/h3>\n<p>A partir del momento en el que el cliente realice el pago de un producto o servicio, SUSPENSIONES FELIX recibir\u00e1 una notificaci\u00f3n automatizada del mismo para proceder a su implementaci\u00f3n y recogida con una agencia de transportes externa. Una vez recibido el producto a manipular, SUSPENSIONES FELIX&nbsp; proceder\u00e1 a realizar el trabajo realizado, sin menoscabo de lo estipulado en el apartado 6 de esta misma p\u00e1gina. Una vez realizado el trabajo se emitir\u00e1 una factura al CLIENTE y, una vez haya sido abonada, se proceder\u00e1 al env\u00edo del producto manipulado a la direcci\u00f3n del CLIENTE.<\/p>\n<h3>8. PROPIEDAD INTELECTUAL<\/h3>\n<p>SUSPENSIONES FELIX es el leg\u00edtimo propietario intelectual de todos los productos y servicios que ofrece en este sitio web. Queda totalmente prohibida la distribuci\u00f3n total o parcial de los contenidos y servicios publicados en este sitio web.<\/p>\t\t\t\t\t\t\t\t<\/div>\n\t\t\t\t<\/div>\n\t\t\t\t\t<\/div>\n\t\t<\/div>\n\t\t\t\t\t<\/div>\n\t\t<\/section>\n\t\t\t\t<\/div>\n\t\t","protected":false},"excerpt":{"rendered":"<p>LEY DE SERVICIOS DE LA SOCIEDAD DE LA INFORMACI\u00d3N (LSSI) SUSPENSIONES FELIX, responsable del sitio web, en adelante RESPONSABLE, pone a disposici\u00f3n de los usuarios el presente documento, con el que pretende dar cumplimiento a las obligaciones dispuestas en la Ley 34\/2002, de 11 de julio, de Servicios de la Sociedad de la Informaci\u00f3n y [&hellip;]<\/p>\n","protected":false},"author":1,"featured_media":0,"parent":0,"menu_order":0,"comment_status":"closed","ping_status":"closed","template":"custom-page.php","meta":{"_joinchat":[],"footnotes":""},"class_list":["post-507","page","type-page","status-publish","hentry"],"yoast_head":"<!-- This site is optimized with the Yoast SEO plugin v27.3 - https:\/\/yoast.com\/product\/yoast-seo-wordpress\/ -->\n<title>T\u00e9rminos y condiciones de venta - Suspensiones Felix<\/title>\n<meta name=\"robots\" content=\"index, follow, max-snippet:-1, max-image-preview:large, max-video-preview:-1\" \/>\n<link rel=\"canonical\" href=\"https:\/\/www.suspensionesfelix.com\/es\/terminos-condiciones-venta\/\" \/>\n<meta property=\"og:locale\" content=\"es_ES\" \/>\n<meta property=\"og:type\" content=\"article\" \/>\n<meta property=\"og:title\" content=\"T\u00e9rminos y condiciones de venta - Suspensiones Felix\" \/>\n<meta property=\"og:description\" content=\"LEY DE SERVICIOS DE LA SOCIEDAD DE LA INFORMACI\u00d3N (LSSI) SUSPENSIONES FELIX, responsable del sitio web, en adelante RESPONSABLE, pone a disposici\u00f3n de los usuarios el presente documento, con el que pretende dar cumplimiento a las obligaciones dispuestas en la Ley 34\/2002, de 11 de julio, de Servicios de la Sociedad de la Informaci\u00f3n y [&hellip;]\" \/>\n<meta property=\"og:url\" content=\"https:\/\/www.suspensionesfelix.com\/es\/terminos-condiciones-venta\/\" \/>\n<meta property=\"og:site_name\" content=\"Suspensiones Felix\" \/>\n<meta property=\"article:modified_time\" content=\"2024-10-24T07:47:16+00:00\" \/>\n<meta name=\"twitter:card\" content=\"summary_large_image\" \/>\n<meta name=\"twitter:label1\" content=\"Tiempo de lectura\" \/>\n\t<meta name=\"twitter:data1\" content=\"9 minutos\" \/>\n<script type=\"application\/ld+json\" class=\"yoast-schema-graph\">{\"@context\":\"https:\\\/\\\/schema.org\",\"@graph\":[{\"@type\":\"WebPage\",\"@id\":\"https:\\\/\\\/www.suspensionesfelix.com\\\/terminos-condiciones-venta\\\/\",\"url\":\"https:\\\/\\\/www.suspensionesfelix.com\\\/terminos-condiciones-venta\\\/\",\"name\":\"T\u00e9rminos y condiciones de venta - Suspensiones Felix\",\"isPartOf\":{\"@id\":\"https:\\\/\\\/www.suspensionesfelix.com\\\/#website\"},\"datePublished\":\"2020-06-01T14:12:32+00:00\",\"dateModified\":\"2024-10-24T07:47:16+00:00\",\"breadcrumb\":{\"@id\":\"https:\\\/\\\/www.suspensionesfelix.com\\\/terminos-condiciones-venta\\\/#breadcrumb\"},\"inLanguage\":\"es\",\"potentialAction\":[{\"@type\":\"ReadAction\",\"target\":[\"https:\\\/\\\/www.suspensionesfelix.com\\\/terminos-condiciones-venta\\\/\"]}]},{\"@type\":\"BreadcrumbList\",\"@id\":\"https:\\\/\\\/www.suspensionesfelix.com\\\/terminos-condiciones-venta\\\/#breadcrumb\",\"itemListElement\":[{\"@type\":\"ListItem\",\"position\":1,\"name\":\"Portada\",\"item\":\"https:\\\/\\\/www.suspensionesfelix.com\\\/\"},{\"@type\":\"ListItem\",\"position\":2,\"name\":\"T\u00e9rminos y condiciones de venta\"}]},{\"@type\":\"WebSite\",\"@id\":\"https:\\\/\\\/www.suspensionesfelix.com\\\/#website\",\"url\":\"https:\\\/\\\/www.suspensionesfelix.com\\\/\",\"name\":\"Suspensiones Felix\",\"description\":\"Mantenimiento y arreglo de bicicletas en Torrevieja\",\"publisher\":{\"@id\":\"https:\\\/\\\/www.suspensionesfelix.com\\\/#organization\"},\"potentialAction\":[{\"@type\":\"SearchAction\",\"target\":{\"@type\":\"EntryPoint\",\"urlTemplate\":\"https:\\\/\\\/www.suspensionesfelix.com\\\/?s={search_term_string}\"},\"query-input\":{\"@type\":\"PropertyValueSpecification\",\"valueRequired\":true,\"valueName\":\"search_term_string\"}}],\"inLanguage\":\"es\"},{\"@type\":\"Organization\",\"@id\":\"https:\\\/\\\/www.suspensionesfelix.com\\\/#organization\",\"name\":\"Suspensiones Felix\",\"url\":\"https:\\\/\\\/www.suspensionesfelix.com\\\/\",\"logo\":{\"@type\":\"ImageObject\",\"inLanguage\":\"es\",\"@id\":\"https:\\\/\\\/www.suspensionesfelix.com\\\/#\\\/schema\\\/logo\\\/image\\\/\",\"url\":\"https:\\\/\\\/www.suspensionesfelix.com\\\/wp-content\\\/uploads\\\/2024\\\/09\\\/cropped-logo-felix.png\",\"contentUrl\":\"https:\\\/\\\/www.suspensionesfelix.com\\\/wp-content\\\/uploads\\\/2024\\\/09\\\/cropped-logo-felix.png\",\"width\":600,\"height\":250,\"caption\":\"Suspensiones Felix\"},\"image\":{\"@id\":\"https:\\\/\\\/www.suspensionesfelix.com\\\/#\\\/schema\\\/logo\\\/image\\\/\"}}]}<\/script>\n<!-- \/ Yoast SEO plugin. -->","yoast_head_json":{"title":"T\u00e9rminos y condiciones de venta - Suspensiones Felix","robots":{"index":"index","follow":"follow","max-snippet":"max-snippet:-1","max-image-preview":"max-image-preview:large","max-video-preview":"max-video-preview:-1"},"canonical":"https:\/\/www.suspensionesfelix.com\/es\/terminos-condiciones-venta\/","og_locale":"es_ES","og_type":"article","og_title":"T\u00e9rminos y condiciones de venta - Suspensiones Felix","og_description":"LEY DE SERVICIOS DE LA SOCIEDAD DE LA INFORMACI\u00d3N (LSSI) SUSPENSIONES FELIX, responsable del sitio web, en adelante RESPONSABLE, pone a disposici\u00f3n de los usuarios el presente documento, con el que pretende dar cumplimiento a las obligaciones dispuestas en la Ley 34\/2002, de 11 de julio, de Servicios de la Sociedad de la Informaci\u00f3n y [&hellip;]","og_url":"https:\/\/www.suspensionesfelix.com\/es\/terminos-condiciones-venta\/","og_site_name":"Suspensiones Felix","article_modified_time":"2024-10-24T07:47:16+00:00","twitter_card":"summary_large_image","twitter_misc":{"Tiempo de lectura":"9 minutos"},"schema":{"@context":"https:\/\/schema.org","@graph":[{"@type":"WebPage","@id":"https:\/\/www.suspensionesfelix.com\/terminos-condiciones-venta\/","url":"https:\/\/www.suspensionesfelix.com\/terminos-condiciones-venta\/","name":"T\u00e9rminos y condiciones de venta - Suspensiones Felix","isPartOf":{"@id":"https:\/\/www.suspensionesfelix.com\/#website"},"datePublished":"2020-06-01T14:12:32+00:00","dateModified":"2024-10-24T07:47:16+00:00","breadcrumb":{"@id":"https:\/\/www.suspensionesfelix.com\/terminos-condiciones-venta\/#breadcrumb"},"inLanguage":"es","potentialAction":[{"@type":"ReadAction","target":["https:\/\/www.suspensionesfelix.com\/terminos-condiciones-venta\/"]}]},{"@type":"BreadcrumbList","@id":"https:\/\/www.suspensionesfelix.com\/terminos-condiciones-venta\/#breadcrumb","itemListElement":[{"@type":"ListItem","position":1,"name":"Portada","item":"https:\/\/www.suspensionesfelix.com\/"},{"@type":"ListItem","position":2,"name":"T\u00e9rminos y condiciones de venta"}]},{"@type":"WebSite","@id":"https:\/\/www.suspensionesfelix.com\/#website","url":"https:\/\/www.suspensionesfelix.com\/","name":"Suspensiones Felix","description":"Mantenimiento y arreglo de bicicletas en Torrevieja","publisher":{"@id":"https:\/\/www.suspensionesfelix.com\/#organization"},"potentialAction":[{"@type":"SearchAction","target":{"@type":"EntryPoint","urlTemplate":"https:\/\/www.suspensionesfelix.com\/?s={search_term_string}"},"query-input":{"@type":"PropertyValueSpecification","valueRequired":true,"valueName":"search_term_string"}}],"inLanguage":"es"},{"@type":"Organization","@id":"https:\/\/www.suspensionesfelix.com\/#organization","name":"Suspensiones Felix","url":"https:\/\/www.suspensionesfelix.com\/","logo":{"@type":"ImageObject","inLanguage":"es","@id":"https:\/\/www.suspensionesfelix.com\/#\/schema\/logo\/image\/","url":"https:\/\/www.suspensionesfelix.com\/wp-content\/uploads\/2024\/09\/cropped-logo-felix.png","contentUrl":"https:\/\/www.suspensionesfelix.com\/wp-content\/uploads\/2024\/09\/cropped-logo-felix.png","width":600,"height":250,"caption":"Suspensiones Felix"},"image":{"@id":"https:\/\/www.suspensionesfelix.com\/#\/schema\/logo\/image\/"}}]}},"_links":{"self":[{"href":"https:\/\/www.suspensionesfelix.com\/es\/wp-json\/wp\/v2\/pages\/507","targetHints":{"allow":["GET"]}}],"collection":[{"href":"https:\/\/www.suspensionesfelix.com\/es\/wp-json\/wp\/v2\/pages"}],"about":[{"href":"https:\/\/www.suspensionesfelix.com\/es\/wp-json\/wp\/v2\/types\/page"}],"author":[{"embeddable":true,"href":"https:\/\/www.suspensionesfelix.com\/es\/wp-json\/wp\/v2\/users\/1"}],"replies":[{"embeddable":true,"href":"https:\/\/www.suspensionesfelix.com\/es\/wp-json\/wp\/v2\/comments?post=507"}],"version-history":[{"count":11,"href":"https:\/\/www.suspensionesfelix.com\/es\/wp-json\/wp\/v2\/pages\/507\/revisions"}],"predecessor-version":[{"id":2236,"href":"https:\/\/www.suspensionesfelix.com\/es\/wp-json\/wp\/v2\/pages\/507\/revisions\/2236"}],"wp:attachment":[{"href":"https:\/\/www.suspensionesfelix.com\/es\/wp-json\/wp\/v2\/media?parent=507"}],"curies":[{"name":"wp","href":"https:\/\/api.w.org\/{rel}","templated":true}]}}