{"id":2026,"date":"2024-10-30T11:54:50","date_gmt":"2024-10-30T10:54:50","guid":{"rendered":"https:\/\/www.suspensionesfelix.com\/producto\/seals-kit-fox-air-34mm-modelo-ano-2016\/"},"modified":"2024-10-30T11:54:50","modified_gmt":"2024-10-30T10:54:50","slug":"seals-kit-fox-air-34mm-modelo-ano-2016","status":"publish","type":"product","link":"https:\/\/www.suspensionesfelix.com\/es\/producto\/seals-kit-fox-air-34mm-modelo-ano-2016\/","title":{"rendered":"Seals Kit &#8211; FOX AIR 34mm MODELO A\u00d1O 2016"},"content":{"rendered":"<p>El kit de retenes para mountain bikes de SKF ha sido desarrollado para proporcionar una baja fricci\u00f3n y m\u00e1ximo contacto con el suelo para una mejor sensaci\u00f3n durante la conducci\u00f3n.<br \/>\nSKF utiliza los mismos compuestos para sus kits de mountain bike que los usados para los de motocicleta asegurando as\u00ed sus mismas prestaciones.<br \/>\nContenido del kit<\/p>\n<p>Dos retenes<br \/>\nDos guardapolvos<br \/>\nDos aros pre-impregandos<\/p>\n<p>Beneficios<\/p>\n<p>Protecci\u00f3n contra agua y polvo.<br \/>\nCapaz de soportar la luz UV.<br \/>\nEl labio integrado en el guardapolvo se ha dise\u00f1ado para ser la primera protecci\u00f3n de la horquilla: protege de la entrada de suciedad y la contaminaci\u00f3n del aceite y componentes de la horquilla.<br \/>\nEl labio integrado de sellado del ret\u00e9n es el encargado de asegurar que no hay p\u00e9rdidas de aceite.<br \/>\nEl aro de espuma pre-impregando es el responsable de proporcionar una reducci\u00f3n de la fricci\u00f3n durante la conducci\u00f3n.<br \/>\nRecomendado para cada mantenimiento de la horquilla.<\/p>\n","protected":false},"excerpt":{"rendered":"<p>El kit de retenes para mountain bikes de SKF ha sido desarrollado para proporcionar una baja fricci\u00f3n y m\u00e1ximo contacto con el suelo para una mejor sensaci\u00f3n durante la conducci\u00f3n. SKF utiliza los mismos compuestos para sus kits de mountain bike que los usados para los de motocicleta asegurando as\u00ed sus mismas prestaciones. Contenido del [&hellip;]<\/p>\n","protected":false},"featured_media":2025,"comment_status":"open","ping_status":"closed","template":"","meta":{"_joinchat":[]},"product_brand":[],"product_cat":[215],"product_tag":[],"class_list":{"0":"post-2026","1":"product","2":"type-product","3":"status-publish","4":"has-post-thumbnail","6":"product_cat-recambio-horquilla","8":"first","9":"instock","10":"taxable","11":"shipping-taxable","12":"purchasable","13":"product-type-simple"},"exclude_global_add_ons":[],"addons":[],"yoast_head":"<!-- This site is optimized with the Yoast SEO plugin v27.3 - https:\/\/yoast.com\/product\/yoast-seo-wordpress\/ -->\n<title>Seals Kit - FOX AIR 34mm MODELO A\u00d1O 2016 - Suspensiones Felix<\/title>\n<meta name=\"robots\" content=\"index, follow, max-snippet:-1, max-image-preview:large, max-video-preview:-1\" \/>\n<link rel=\"canonical\" href=\"https:\/\/www.suspensionesfelix.com\/es\/producto\/seals-kit-fox-air-34mm-modelo-ano-2016\/\" \/>\n<meta property=\"og:locale\" content=\"es_ES\" \/>\n<meta property=\"og:type\" content=\"article\" \/>\n<meta property=\"og:title\" content=\"Seals Kit - FOX AIR 34mm MODELO A\u00d1O 2016 - Suspensiones Felix\" \/>\n<meta property=\"og:description\" content=\"El kit de retenes para mountain bikes de SKF ha sido desarrollado para proporcionar una baja fricci\u00f3n y m\u00e1ximo contacto con el suelo para una mejor sensaci\u00f3n durante la conducci\u00f3n. SKF utiliza los mismos compuestos para sus kits de mountain bike que los usados para los de motocicleta asegurando as\u00ed sus mismas prestaciones. Contenido del [&hellip;]\" \/>\n<meta property=\"og:url\" content=\"https:\/\/www.suspensionesfelix.com\/es\/producto\/seals-kit-fox-air-34mm-modelo-ano-2016\/\" \/>\n<meta property=\"og:site_name\" content=\"Suspensiones Felix\" \/>\n<meta name=\"twitter:card\" content=\"summary_large_image\" \/>\n<meta name=\"twitter:label1\" content=\"Tiempo de lectura\" \/>\n\t<meta name=\"twitter:data1\" content=\"1 minuto\" \/>\n<script type=\"application\/ld+json\" class=\"yoast-schema-graph\">{\"@context\":\"https:\\\/\\\/schema.org\",\"@graph\":[{\"@type\":\"WebPage\",\"@id\":\"https:\\\/\\\/www.suspensionesfelix.com\\\/producto\\\/seals-kit-fox-air-34mm-modelo-ano-2016\\\/\",\"url\":\"https:\\\/\\\/www.suspensionesfelix.com\\\/producto\\\/seals-kit-fox-air-34mm-modelo-ano-2016\\\/\",\"name\":\"Seals Kit - FOX AIR 34mm MODELO A\u00d1O 2016 - Suspensiones Felix\",\"isPartOf\":{\"@id\":\"https:\\\/\\\/www.suspensionesfelix.com\\\/#website\"},\"primaryImageOfPage\":{\"@id\":\"https:\\\/\\\/www.suspensionesfelix.com\\\/producto\\\/seals-kit-fox-air-34mm-modelo-ano-2016\\\/#primaryimage\"},\"image\":{\"@id\":\"https:\\\/\\\/www.suspensionesfelix.com\\\/producto\\\/seals-kit-fox-air-34mm-modelo-ano-2016\\\/#primaryimage\"},\"thumbnailUrl\":\"https:\\\/\\\/www.suspensionesfelix.com\\\/wp-content\\\/uploads\\\/2024\\\/10\\\/kit-de-retenes-fox-air-34mm-todos-los-modelos.jpg\",\"datePublished\":\"2024-10-30T10:54:50+00:00\",\"breadcrumb\":{\"@id\":\"https:\\\/\\\/www.suspensionesfelix.com\\\/producto\\\/seals-kit-fox-air-34mm-modelo-ano-2016\\\/#breadcrumb\"},\"inLanguage\":\"es\",\"potentialAction\":[{\"@type\":\"ReadAction\",\"target\":[\"https:\\\/\\\/www.suspensionesfelix.com\\\/producto\\\/seals-kit-fox-air-34mm-modelo-ano-2016\\\/\"]}]},{\"@type\":\"ImageObject\",\"inLanguage\":\"es\",\"@id\":\"https:\\\/\\\/www.suspensionesfelix.com\\\/producto\\\/seals-kit-fox-air-34mm-modelo-ano-2016\\\/#primaryimage\",\"url\":\"https:\\\/\\\/www.suspensionesfelix.com\\\/wp-content\\\/uploads\\\/2024\\\/10\\\/kit-de-retenes-fox-air-34mm-todos-los-modelos.jpg\",\"contentUrl\":\"https:\\\/\\\/www.suspensionesfelix.com\\\/wp-content\\\/uploads\\\/2024\\\/10\\\/kit-de-retenes-fox-air-34mm-todos-los-modelos.jpg\",\"width\":500,\"height\":500},{\"@type\":\"BreadcrumbList\",\"@id\":\"https:\\\/\\\/www.suspensionesfelix.com\\\/producto\\\/seals-kit-fox-air-34mm-modelo-ano-2016\\\/#breadcrumb\",\"itemListElement\":[{\"@type\":\"ListItem\",\"position\":1,\"name\":\"Portada\",\"item\":\"https:\\\/\\\/www.suspensionesfelix.com\\\/\"},{\"@type\":\"ListItem\",\"position\":2,\"name\":\"Tienda\",\"item\":\"https:\\\/\\\/www.suspensionesfelix.com\\\/es\\\/tienda\\\/\"},{\"@type\":\"ListItem\",\"position\":3,\"name\":\"Seals Kit &#8211; FOX AIR 34mm MODELO A\u00d1O 2016\"}]},{\"@type\":\"WebSite\",\"@id\":\"https:\\\/\\\/www.suspensionesfelix.com\\\/#website\",\"url\":\"https:\\\/\\\/www.suspensionesfelix.com\\\/\",\"name\":\"Suspensiones Felix\",\"description\":\"Mantenimiento y arreglo de bicicletas en Torrevieja\",\"publisher\":{\"@id\":\"https:\\\/\\\/www.suspensionesfelix.com\\\/#organization\"},\"potentialAction\":[{\"@type\":\"SearchAction\",\"target\":{\"@type\":\"EntryPoint\",\"urlTemplate\":\"https:\\\/\\\/www.suspensionesfelix.com\\\/?s={search_term_string}\"},\"query-input\":{\"@type\":\"PropertyValueSpecification\",\"valueRequired\":true,\"valueName\":\"search_term_string\"}}],\"inLanguage\":\"es\"},{\"@type\":\"Organization\",\"@id\":\"https:\\\/\\\/www.suspensionesfelix.com\\\/#organization\",\"name\":\"Suspensiones Felix\",\"url\":\"https:\\\/\\\/www.suspensionesfelix.com\\\/\",\"logo\":{\"@type\":\"ImageObject\",\"inLanguage\":\"es\",\"@id\":\"https:\\\/\\\/www.suspensionesfelix.com\\\/#\\\/schema\\\/logo\\\/image\\\/\",\"url\":\"https:\\\/\\\/www.suspensionesfelix.com\\\/wp-content\\\/uploads\\\/2024\\\/09\\\/cropped-logo-felix.png\",\"contentUrl\":\"https:\\\/\\\/www.suspensionesfelix.com\\\/wp-content\\\/uploads\\\/2024\\\/09\\\/cropped-logo-felix.png\",\"width\":600,\"height\":250,\"caption\":\"Suspensiones Felix\"},\"image\":{\"@id\":\"https:\\\/\\\/www.suspensionesfelix.com\\\/#\\\/schema\\\/logo\\\/image\\\/\"}}]}<\/script>\n<!-- \/ Yoast SEO plugin. -->","yoast_head_json":{"title":"Seals Kit - FOX AIR 34mm MODELO A\u00d1O 2016 - Suspensiones Felix","robots":{"index":"index","follow":"follow","max-snippet":"max-snippet:-1","max-image-preview":"max-image-preview:large","max-video-preview":"max-video-preview:-1"},"canonical":"https:\/\/www.suspensionesfelix.com\/es\/producto\/seals-kit-fox-air-34mm-modelo-ano-2016\/","og_locale":"es_ES","og_type":"article","og_title":"Seals Kit - FOX AIR 34mm MODELO A\u00d1O 2016 - Suspensiones Felix","og_description":"El kit de retenes para mountain bikes de SKF ha sido desarrollado para proporcionar una baja fricci\u00f3n y m\u00e1ximo contacto con el suelo para una mejor sensaci\u00f3n durante la conducci\u00f3n. SKF utiliza los mismos compuestos para sus kits de mountain bike que los usados para los de motocicleta asegurando as\u00ed sus mismas prestaciones. Contenido del [&hellip;]","og_url":"https:\/\/www.suspensionesfelix.com\/es\/producto\/seals-kit-fox-air-34mm-modelo-ano-2016\/","og_site_name":"Suspensiones Felix","twitter_card":"summary_large_image","twitter_misc":{"Tiempo de lectura":"1 minuto"},"schema":{"@context":"https:\/\/schema.org","@graph":[{"@type":"WebPage","@id":"https:\/\/www.suspensionesfelix.com\/producto\/seals-kit-fox-air-34mm-modelo-ano-2016\/","url":"https:\/\/www.suspensionesfelix.com\/producto\/seals-kit-fox-air-34mm-modelo-ano-2016\/","name":"Seals Kit - FOX AIR 34mm MODELO A\u00d1O 2016 - Suspensiones Felix","isPartOf":{"@id":"https:\/\/www.suspensionesfelix.com\/#website"},"primaryImageOfPage":{"@id":"https:\/\/www.suspensionesfelix.com\/producto\/seals-kit-fox-air-34mm-modelo-ano-2016\/#primaryimage"},"image":{"@id":"https:\/\/www.suspensionesfelix.com\/producto\/seals-kit-fox-air-34mm-modelo-ano-2016\/#primaryimage"},"thumbnailUrl":"https:\/\/www.suspensionesfelix.com\/wp-content\/uploads\/2024\/10\/kit-de-retenes-fox-air-34mm-todos-los-modelos.jpg","datePublished":"2024-10-30T10:54:50+00:00","breadcrumb":{"@id":"https:\/\/www.suspensionesfelix.com\/producto\/seals-kit-fox-air-34mm-modelo-ano-2016\/#breadcrumb"},"inLanguage":"es","potentialAction":[{"@type":"ReadAction","target":["https:\/\/www.suspensionesfelix.com\/producto\/seals-kit-fox-air-34mm-modelo-ano-2016\/"]}]},{"@type":"ImageObject","inLanguage":"es","@id":"https:\/\/www.suspensionesfelix.com\/producto\/seals-kit-fox-air-34mm-modelo-ano-2016\/#primaryimage","url":"https:\/\/www.suspensionesfelix.com\/wp-content\/uploads\/2024\/10\/kit-de-retenes-fox-air-34mm-todos-los-modelos.jpg","contentUrl":"https:\/\/www.suspensionesfelix.com\/wp-content\/uploads\/2024\/10\/kit-de-retenes-fox-air-34mm-todos-los-modelos.jpg","width":500,"height":500},{"@type":"BreadcrumbList","@id":"https:\/\/www.suspensionesfelix.com\/producto\/seals-kit-fox-air-34mm-modelo-ano-2016\/#breadcrumb","itemListElement":[{"@type":"ListItem","position":1,"name":"Portada","item":"https:\/\/www.suspensionesfelix.com\/"},{"@type":"ListItem","position":2,"name":"Tienda","item":"https:\/\/www.suspensionesfelix.com\/es\/tienda\/"},{"@type":"ListItem","position":3,"name":"Seals Kit &#8211; FOX AIR 34mm MODELO A\u00d1O 2016"}]},{"@type":"WebSite","@id":"https:\/\/www.suspensionesfelix.com\/#website","url":"https:\/\/www.suspensionesfelix.com\/","name":"Suspensiones Felix","description":"Mantenimiento y arreglo de bicicletas en Torrevieja","publisher":{"@id":"https:\/\/www.suspensionesfelix.com\/#organization"},"potentialAction":[{"@type":"SearchAction","target":{"@type":"EntryPoint","urlTemplate":"https:\/\/www.suspensionesfelix.com\/?s={search_term_string}"},"query-input":{"@type":"PropertyValueSpecification","valueRequired":true,"valueName":"search_term_string"}}],"inLanguage":"es"},{"@type":"Organization","@id":"https:\/\/www.suspensionesfelix.com\/#organization","name":"Suspensiones Felix","url":"https:\/\/www.suspensionesfelix.com\/","logo":{"@type":"ImageObject","inLanguage":"es","@id":"https:\/\/www.suspensionesfelix.com\/#\/schema\/logo\/image\/","url":"https:\/\/www.suspensionesfelix.com\/wp-content\/uploads\/2024\/09\/cropped-logo-felix.png","contentUrl":"https:\/\/www.suspensionesfelix.com\/wp-content\/uploads\/2024\/09\/cropped-logo-felix.png","width":600,"height":250,"caption":"Suspensiones Felix"},"image":{"@id":"https:\/\/www.suspensionesfelix.com\/#\/schema\/logo\/image\/"}}]}},"_links":{"self":[{"href":"https:\/\/www.suspensionesfelix.com\/es\/wp-json\/wp\/v2\/product\/2026","targetHints":{"allow":["GET"]}}],"collection":[{"href":"https:\/\/www.suspensionesfelix.com\/es\/wp-json\/wp\/v2\/product"}],"about":[{"href":"https:\/\/www.suspensionesfelix.com\/es\/wp-json\/wp\/v2\/types\/product"}],"replies":[{"embeddable":true,"href":"https:\/\/www.suspensionesfelix.com\/es\/wp-json\/wp\/v2\/comments?post=2026"}],"wp:featuredmedia":[{"embeddable":true,"href":"https:\/\/www.suspensionesfelix.com\/es\/wp-json\/wp\/v2\/media\/2025"}],"wp:attachment":[{"href":"https:\/\/www.suspensionesfelix.com\/es\/wp-json\/wp\/v2\/media?parent=2026"}],"wp:term":[{"taxonomy":"product_brand","embeddable":true,"href":"https:\/\/www.suspensionesfelix.com\/es\/wp-json\/wp\/v2\/product_brand?post=2026"},{"taxonomy":"product_cat","embeddable":true,"href":"https:\/\/www.suspensionesfelix.com\/es\/wp-json\/wp\/v2\/product_cat?post=2026"},{"taxonomy":"product_tag","embeddable":true,"href":"https:\/\/www.suspensionesfelix.com\/es\/wp-json\/wp\/v2\/product_tag?post=2026"}],"curies":[{"name":"wp","href":"https:\/\/api.w.org\/{rel}","templated":true}]}}