{"id":2052,"date":"2024-10-30T11:54:58","date_gmt":"2024-10-30T10:54:58","guid":{"rendered":"https:\/\/www.suspensionesfelix.com\/producto\/supermousse-d-35-talla-s-xc-marathon-ruedas-de-19-a-225\/"},"modified":"2024-10-30T11:54:58","modified_gmt":"2024-10-30T10:54:58","slug":"supermousse-d-35-talla-s-xc-marathon-ruedas-de-19-a-225","status":"publish","type":"product","link":"https:\/\/www.suspensionesfelix.com\/es\/producto\/supermousse-d-35-talla-s-xc-marathon-ruedas-de-19-a-225\/","title":{"rendered":"SuperMousse d.35 &#8211; talla S \/\/ XC \/ MARATHON \/\/ ruedas de 1,9 a 2,25"},"content":{"rendered":"<p>El primer protector\u00a0antipinchazos fabricado con un doble compuesto para ofrecer m\u00e1s agarre y comodidad a la hora de rodar sin sacrificar la mejor protecci\u00f3n frente a los pinchazos. Este mousse cuenta con una capa externa hiperel\u00e1stica que asegura un mayor confort de conducci\u00f3n y una capa interna negra m\u00e1s dura que ayuda a absorber y amortiguar los impactos y prevenir los pinchazos.<\/p>\n<p>El nuevo inserto para neum\u00e1ticos del Grupo Andreani est\u00e1 optimizado para funcionar de forma \u00f3ptima con neum\u00e1ticos tubelizados y especialmente dirigido a bikers con un estilo de conducci\u00f3n agresivo. Es compatible con cualquier tipo de v\u00e1lvula Tubeless y como muchos otros mousse de la competencia evita los temidos pinchazos por pellizco o llantazo lo que te permite seguir rodando incluso con el neum\u00e1tico completamente deshinchado.<\/p>\n<p>Instalaci\u00f3n:<\/p>\n<p>Destalonar el neum\u00e1tico colocar el Supermousse siguiendo la circunferencia de la llanta con el lado negro hacia dentro y cortar a la medida necesaria uniendo las dos partes con la brida incluida en el kit. Despu\u00e9s se vuelve a montar el neum\u00e1tico y se introduce el l\u00edquido sellante a trav\u00e9s de la v\u00e1lvula Tubeless para posteriormente inflar la rueda a 1 Bar de presi\u00f3n aproximadamente y hacerla girar para que el l\u00edquido se reparta uniformemente por el interior.<\/p>\n<p>Talla S \/\/ XC \/ Marathon \/\/ Ruedas de 19 a 225.<\/p>\n","protected":false},"excerpt":{"rendered":"<p>El primer protector\u00a0antipinchazos fabricado con un doble compuesto para ofrecer m\u00e1s agarre y comodidad a la hora de rodar sin sacrificar la mejor protecci\u00f3n frente a los pinchazos. Este mousse cuenta con una capa externa hiperel\u00e1stica que asegura un mayor confort de conducci\u00f3n y una capa interna negra m\u00e1s dura que ayuda a absorber y [&hellip;]<\/p>\n","protected":false},"featured_media":2051,"comment_status":"open","ping_status":"closed","template":"","meta":{"_joinchat":[]},"product_brand":[],"product_cat":[216],"product_tag":[],"class_list":{"0":"post-2052","1":"product","2":"type-product","3":"status-publish","4":"has-post-thumbnail","6":"product_cat-accesorios","8":"first","9":"instock","10":"taxable","11":"shipping-taxable","12":"purchasable","13":"product-type-simple"},"exclude_global_add_ons":[],"addons":[],"yoast_head":"<!-- This site is optimized with the Yoast SEO plugin v27.3 - https:\/\/yoast.com\/product\/yoast-seo-wordpress\/ -->\n<title>SuperMousse d.35 - talla S \/\/ XC \/ MARATHON \/\/ ruedas de 1,9 a 2,25 - Suspensiones Felix<\/title>\n<meta name=\"robots\" content=\"index, follow, max-snippet:-1, max-image-preview:large, max-video-preview:-1\" \/>\n<link rel=\"canonical\" href=\"https:\/\/www.suspensionesfelix.com\/es\/producto\/supermousse-d-35-talla-s-xc-marathon-ruedas-de-19-a-225\/\" \/>\n<meta property=\"og:locale\" content=\"es_ES\" \/>\n<meta property=\"og:type\" content=\"article\" \/>\n<meta property=\"og:title\" content=\"SuperMousse d.35 - talla S \/\/ XC \/ MARATHON \/\/ ruedas de 1,9 a 2,25 - Suspensiones Felix\" \/>\n<meta property=\"og:description\" content=\"El primer protector\u00a0antipinchazos fabricado con un doble compuesto para ofrecer m\u00e1s agarre y comodidad a la hora de rodar sin sacrificar la mejor protecci\u00f3n frente a los pinchazos. Este mousse cuenta con una capa externa hiperel\u00e1stica que asegura un mayor confort de conducci\u00f3n y una capa interna negra m\u00e1s dura que ayuda a absorber y [&hellip;]\" \/>\n<meta property=\"og:url\" content=\"https:\/\/www.suspensionesfelix.com\/es\/producto\/supermousse-d-35-talla-s-xc-marathon-ruedas-de-19-a-225\/\" \/>\n<meta property=\"og:site_name\" content=\"Suspensiones Felix\" \/>\n<meta name=\"twitter:card\" content=\"summary_large_image\" \/>\n<meta name=\"twitter:label1\" content=\"Tiempo de lectura\" \/>\n\t<meta name=\"twitter:data1\" content=\"1 minuto\" \/>\n<script type=\"application\/ld+json\" class=\"yoast-schema-graph\">{\"@context\":\"https:\\\/\\\/schema.org\",\"@graph\":[{\"@type\":\"WebPage\",\"@id\":\"https:\\\/\\\/www.suspensionesfelix.com\\\/producto\\\/supermousse-d-35-talla-s-xc-marathon-ruedas-de-19-a-225\\\/\",\"url\":\"https:\\\/\\\/www.suspensionesfelix.com\\\/producto\\\/supermousse-d-35-talla-s-xc-marathon-ruedas-de-19-a-225\\\/\",\"name\":\"SuperMousse d.35 - talla S \\\/\\\/ XC \\\/ MARATHON \\\/\\\/ ruedas de 1,9 a 2,25 - Suspensiones Felix\",\"isPartOf\":{\"@id\":\"https:\\\/\\\/www.suspensionesfelix.com\\\/#website\"},\"primaryImageOfPage\":{\"@id\":\"https:\\\/\\\/www.suspensionesfelix.com\\\/producto\\\/supermousse-d-35-talla-s-xc-marathon-ruedas-de-19-a-225\\\/#primaryimage\"},\"image\":{\"@id\":\"https:\\\/\\\/www.suspensionesfelix.com\\\/producto\\\/supermousse-d-35-talla-s-xc-marathon-ruedas-de-19-a-225\\\/#primaryimage\"},\"thumbnailUrl\":\"https:\\\/\\\/www.suspensionesfelix.com\\\/wp-content\\\/uploads\\\/2024\\\/10\\\/supermousse-d35-talla-s-xc-marathon-ruedas-de-19-a-225.jpg\",\"datePublished\":\"2024-10-30T10:54:58+00:00\",\"breadcrumb\":{\"@id\":\"https:\\\/\\\/www.suspensionesfelix.com\\\/producto\\\/supermousse-d-35-talla-s-xc-marathon-ruedas-de-19-a-225\\\/#breadcrumb\"},\"inLanguage\":\"es\",\"potentialAction\":[{\"@type\":\"ReadAction\",\"target\":[\"https:\\\/\\\/www.suspensionesfelix.com\\\/producto\\\/supermousse-d-35-talla-s-xc-marathon-ruedas-de-19-a-225\\\/\"]}]},{\"@type\":\"ImageObject\",\"inLanguage\":\"es\",\"@id\":\"https:\\\/\\\/www.suspensionesfelix.com\\\/producto\\\/supermousse-d-35-talla-s-xc-marathon-ruedas-de-19-a-225\\\/#primaryimage\",\"url\":\"https:\\\/\\\/www.suspensionesfelix.com\\\/wp-content\\\/uploads\\\/2024\\\/10\\\/supermousse-d35-talla-s-xc-marathon-ruedas-de-19-a-225.jpg\",\"contentUrl\":\"https:\\\/\\\/www.suspensionesfelix.com\\\/wp-content\\\/uploads\\\/2024\\\/10\\\/supermousse-d35-talla-s-xc-marathon-ruedas-de-19-a-225.jpg\",\"width\":1200,\"height\":800},{\"@type\":\"BreadcrumbList\",\"@id\":\"https:\\\/\\\/www.suspensionesfelix.com\\\/producto\\\/supermousse-d-35-talla-s-xc-marathon-ruedas-de-19-a-225\\\/#breadcrumb\",\"itemListElement\":[{\"@type\":\"ListItem\",\"position\":1,\"name\":\"Portada\",\"item\":\"https:\\\/\\\/www.suspensionesfelix.com\\\/\"},{\"@type\":\"ListItem\",\"position\":2,\"name\":\"Tienda\",\"item\":\"https:\\\/\\\/www.suspensionesfelix.com\\\/es\\\/tienda\\\/\"},{\"@type\":\"ListItem\",\"position\":3,\"name\":\"SuperMousse d.35 &#8211; talla S \\\/\\\/ XC \\\/ MARATHON \\\/\\\/ ruedas de 1,9 a 2,25\"}]},{\"@type\":\"WebSite\",\"@id\":\"https:\\\/\\\/www.suspensionesfelix.com\\\/#website\",\"url\":\"https:\\\/\\\/www.suspensionesfelix.com\\\/\",\"name\":\"Suspensiones Felix\",\"description\":\"Mantenimiento y arreglo de bicicletas en Torrevieja\",\"publisher\":{\"@id\":\"https:\\\/\\\/www.suspensionesfelix.com\\\/#organization\"},\"potentialAction\":[{\"@type\":\"SearchAction\",\"target\":{\"@type\":\"EntryPoint\",\"urlTemplate\":\"https:\\\/\\\/www.suspensionesfelix.com\\\/?s={search_term_string}\"},\"query-input\":{\"@type\":\"PropertyValueSpecification\",\"valueRequired\":true,\"valueName\":\"search_term_string\"}}],\"inLanguage\":\"es\"},{\"@type\":\"Organization\",\"@id\":\"https:\\\/\\\/www.suspensionesfelix.com\\\/#organization\",\"name\":\"Suspensiones Felix\",\"url\":\"https:\\\/\\\/www.suspensionesfelix.com\\\/\",\"logo\":{\"@type\":\"ImageObject\",\"inLanguage\":\"es\",\"@id\":\"https:\\\/\\\/www.suspensionesfelix.com\\\/#\\\/schema\\\/logo\\\/image\\\/\",\"url\":\"https:\\\/\\\/www.suspensionesfelix.com\\\/wp-content\\\/uploads\\\/2024\\\/09\\\/cropped-logo-felix.png\",\"contentUrl\":\"https:\\\/\\\/www.suspensionesfelix.com\\\/wp-content\\\/uploads\\\/2024\\\/09\\\/cropped-logo-felix.png\",\"width\":600,\"height\":250,\"caption\":\"Suspensiones Felix\"},\"image\":{\"@id\":\"https:\\\/\\\/www.suspensionesfelix.com\\\/#\\\/schema\\\/logo\\\/image\\\/\"}}]}<\/script>\n<!-- \/ Yoast SEO plugin. -->","yoast_head_json":{"title":"SuperMousse d.35 - talla S \/\/ XC \/ MARATHON \/\/ ruedas de 1,9 a 2,25 - Suspensiones Felix","robots":{"index":"index","follow":"follow","max-snippet":"max-snippet:-1","max-image-preview":"max-image-preview:large","max-video-preview":"max-video-preview:-1"},"canonical":"https:\/\/www.suspensionesfelix.com\/es\/producto\/supermousse-d-35-talla-s-xc-marathon-ruedas-de-19-a-225\/","og_locale":"es_ES","og_type":"article","og_title":"SuperMousse d.35 - talla S \/\/ XC \/ MARATHON \/\/ ruedas de 1,9 a 2,25 - Suspensiones Felix","og_description":"El primer protector\u00a0antipinchazos fabricado con un doble compuesto para ofrecer m\u00e1s agarre y comodidad a la hora de rodar sin sacrificar la mejor protecci\u00f3n frente a los pinchazos. Este mousse cuenta con una capa externa hiperel\u00e1stica que asegura un mayor confort de conducci\u00f3n y una capa interna negra m\u00e1s dura que ayuda a absorber y [&hellip;]","og_url":"https:\/\/www.suspensionesfelix.com\/es\/producto\/supermousse-d-35-talla-s-xc-marathon-ruedas-de-19-a-225\/","og_site_name":"Suspensiones Felix","twitter_card":"summary_large_image","twitter_misc":{"Tiempo de lectura":"1 minuto"},"schema":{"@context":"https:\/\/schema.org","@graph":[{"@type":"WebPage","@id":"https:\/\/www.suspensionesfelix.com\/producto\/supermousse-d-35-talla-s-xc-marathon-ruedas-de-19-a-225\/","url":"https:\/\/www.suspensionesfelix.com\/producto\/supermousse-d-35-talla-s-xc-marathon-ruedas-de-19-a-225\/","name":"SuperMousse d.35 - talla S \/\/ XC \/ MARATHON \/\/ ruedas de 1,9 a 2,25 - Suspensiones Felix","isPartOf":{"@id":"https:\/\/www.suspensionesfelix.com\/#website"},"primaryImageOfPage":{"@id":"https:\/\/www.suspensionesfelix.com\/producto\/supermousse-d-35-talla-s-xc-marathon-ruedas-de-19-a-225\/#primaryimage"},"image":{"@id":"https:\/\/www.suspensionesfelix.com\/producto\/supermousse-d-35-talla-s-xc-marathon-ruedas-de-19-a-225\/#primaryimage"},"thumbnailUrl":"https:\/\/www.suspensionesfelix.com\/wp-content\/uploads\/2024\/10\/supermousse-d35-talla-s-xc-marathon-ruedas-de-19-a-225.jpg","datePublished":"2024-10-30T10:54:58+00:00","breadcrumb":{"@id":"https:\/\/www.suspensionesfelix.com\/producto\/supermousse-d-35-talla-s-xc-marathon-ruedas-de-19-a-225\/#breadcrumb"},"inLanguage":"es","potentialAction":[{"@type":"ReadAction","target":["https:\/\/www.suspensionesfelix.com\/producto\/supermousse-d-35-talla-s-xc-marathon-ruedas-de-19-a-225\/"]}]},{"@type":"ImageObject","inLanguage":"es","@id":"https:\/\/www.suspensionesfelix.com\/producto\/supermousse-d-35-talla-s-xc-marathon-ruedas-de-19-a-225\/#primaryimage","url":"https:\/\/www.suspensionesfelix.com\/wp-content\/uploads\/2024\/10\/supermousse-d35-talla-s-xc-marathon-ruedas-de-19-a-225.jpg","contentUrl":"https:\/\/www.suspensionesfelix.com\/wp-content\/uploads\/2024\/10\/supermousse-d35-talla-s-xc-marathon-ruedas-de-19-a-225.jpg","width":1200,"height":800},{"@type":"BreadcrumbList","@id":"https:\/\/www.suspensionesfelix.com\/producto\/supermousse-d-35-talla-s-xc-marathon-ruedas-de-19-a-225\/#breadcrumb","itemListElement":[{"@type":"ListItem","position":1,"name":"Portada","item":"https:\/\/www.suspensionesfelix.com\/"},{"@type":"ListItem","position":2,"name":"Tienda","item":"https:\/\/www.suspensionesfelix.com\/es\/tienda\/"},{"@type":"ListItem","position":3,"name":"SuperMousse d.35 &#8211; talla S \/\/ XC \/ MARATHON \/\/ ruedas de 1,9 a 2,25"}]},{"@type":"WebSite","@id":"https:\/\/www.suspensionesfelix.com\/#website","url":"https:\/\/www.suspensionesfelix.com\/","name":"Suspensiones Felix","description":"Mantenimiento y arreglo de bicicletas en Torrevieja","publisher":{"@id":"https:\/\/www.suspensionesfelix.com\/#organization"},"potentialAction":[{"@type":"SearchAction","target":{"@type":"EntryPoint","urlTemplate":"https:\/\/www.suspensionesfelix.com\/?s={search_term_string}"},"query-input":{"@type":"PropertyValueSpecification","valueRequired":true,"valueName":"search_term_string"}}],"inLanguage":"es"},{"@type":"Organization","@id":"https:\/\/www.suspensionesfelix.com\/#organization","name":"Suspensiones Felix","url":"https:\/\/www.suspensionesfelix.com\/","logo":{"@type":"ImageObject","inLanguage":"es","@id":"https:\/\/www.suspensionesfelix.com\/#\/schema\/logo\/image\/","url":"https:\/\/www.suspensionesfelix.com\/wp-content\/uploads\/2024\/09\/cropped-logo-felix.png","contentUrl":"https:\/\/www.suspensionesfelix.com\/wp-content\/uploads\/2024\/09\/cropped-logo-felix.png","width":600,"height":250,"caption":"Suspensiones Felix"},"image":{"@id":"https:\/\/www.suspensionesfelix.com\/#\/schema\/logo\/image\/"}}]}},"_links":{"self":[{"href":"https:\/\/www.suspensionesfelix.com\/es\/wp-json\/wp\/v2\/product\/2052","targetHints":{"allow":["GET"]}}],"collection":[{"href":"https:\/\/www.suspensionesfelix.com\/es\/wp-json\/wp\/v2\/product"}],"about":[{"href":"https:\/\/www.suspensionesfelix.com\/es\/wp-json\/wp\/v2\/types\/product"}],"replies":[{"embeddable":true,"href":"https:\/\/www.suspensionesfelix.com\/es\/wp-json\/wp\/v2\/comments?post=2052"}],"wp:featuredmedia":[{"embeddable":true,"href":"https:\/\/www.suspensionesfelix.com\/es\/wp-json\/wp\/v2\/media\/2051"}],"wp:attachment":[{"href":"https:\/\/www.suspensionesfelix.com\/es\/wp-json\/wp\/v2\/media?parent=2052"}],"wp:term":[{"taxonomy":"product_brand","embeddable":true,"href":"https:\/\/www.suspensionesfelix.com\/es\/wp-json\/wp\/v2\/product_brand?post=2052"},{"taxonomy":"product_cat","embeddable":true,"href":"https:\/\/www.suspensionesfelix.com\/es\/wp-json\/wp\/v2\/product_cat?post=2052"},{"taxonomy":"product_tag","embeddable":true,"href":"https:\/\/www.suspensionesfelix.com\/es\/wp-json\/wp\/v2\/product_tag?post=2052"}],"curies":[{"name":"wp","href":"https:\/\/api.w.org\/{rel}","templated":true}]}}