{"id":2060,"date":"2024-10-30T11:55:00","date_gmt":"2024-10-30T10:55:00","guid":{"rendered":"https:\/\/www.suspensionesfelix.com\/producto\/seals-kit-dt-swiss-35mm\/"},"modified":"2024-10-30T11:55:00","modified_gmt":"2024-10-30T10:55:00","slug":"seals-kit-dt-swiss-35mm","status":"publish","type":"product","link":"https:\/\/www.suspensionesfelix.com\/es\/producto\/seals-kit-dt-swiss-35mm\/","title":{"rendered":"Seals Kit &#8211; DT SWISS 35mm"},"content":{"rendered":"<p>\u00a0Bas\u00e1ndose en su experiencia en la industria la automoci\u00f3n y la motocicleta SKF ha desarrollado una amplia gama de kits de juntas de repuesto para horquillas hidr\u00e1ulicas.<\/p>\n<p>Desarrolladas para limitar la fricci\u00f3n interna en la suspensi\u00f3n y aumentar el agarre de las ruedas al suelo las juntas SKF proporcionan una mejor sensaci\u00f3n de conducci\u00f3n.<\/p>\n<p>Las obturaciones SKF son reconocibles por su color verde un material especialmente desarrollado para la aplicaci\u00f3n de suspensiones y minimizar la fricci\u00f3n.<\/p>\n<p>Beneficios:<\/p>\n<p>\tCompatible con los modelos originales<br \/>\n\tA prueba de agua y de polvo<br \/>\n\tResistente a los rayos UV<br \/>\n\t20% menos de fricci\u00f3n<br \/>\n\tDoble sellado: interno \/ externo<br \/>\n\tAumento de la vida \u00fatil de la horquilla<br \/>\n\tMejor sensaci\u00f3n de conducci\u00f3n<\/p>\n<p>Contenido del Kit y funcionamiento:<\/p>\n<p>\tjunta de doble labio :<br \/>\n\t\u00a0 \u00a0 \u00a0 \u00a0 \u00a0 \u00a0 el primero asegura la estanqueidad interna de la horquilla (que el aceite permanezca en el mecanismo)<\/p>\n<p>\t\u00a0 \u00a0 \u00a0 \u00a0 \u00a0 \u00a0 el segundo act\u00faa como limpiador para evitar que la suciedad externa entre en la horquilla.<\/p>\n<p>\t\u00a0SKF utiliza juntas de espuma impregnadas para reducir la fricci\u00f3n f\u00e1cil de colocar durante el mantenimiento peri\u00f3dico de la horquilla<\/p>\n","protected":false},"excerpt":{"rendered":"<p>\u00a0Bas\u00e1ndose en su experiencia en la industria la automoci\u00f3n y la motocicleta SKF ha desarrollado una amplia gama de kits de juntas de repuesto para horquillas hidr\u00e1ulicas. Desarrolladas para limitar la fricci\u00f3n interna en la suspensi\u00f3n y aumentar el agarre de las ruedas al suelo las juntas SKF proporcionan una mejor sensaci\u00f3n de conducci\u00f3n. Las [&hellip;]<\/p>\n","protected":false},"featured_media":2059,"comment_status":"open","ping_status":"closed","template":"","meta":{"_joinchat":[]},"product_brand":[],"product_cat":[215],"product_tag":[],"class_list":{"0":"post-2060","1":"product","2":"type-product","3":"status-publish","4":"has-post-thumbnail","6":"product_cat-recambio-horquilla","8":"first","9":"instock","10":"taxable","11":"shipping-taxable","12":"purchasable","13":"product-type-simple"},"exclude_global_add_ons":[],"addons":[],"yoast_head":"<!-- This site is optimized with the Yoast SEO plugin v27.3 - https:\/\/yoast.com\/product\/yoast-seo-wordpress\/ -->\n<title>Seals Kit - DT SWISS 35mm - Suspensiones Felix<\/title>\n<meta name=\"robots\" content=\"index, follow, max-snippet:-1, max-image-preview:large, max-video-preview:-1\" \/>\n<link rel=\"canonical\" href=\"https:\/\/www.suspensionesfelix.com\/es\/producto\/seals-kit-dt-swiss-35mm\/\" \/>\n<meta property=\"og:locale\" content=\"es_ES\" \/>\n<meta property=\"og:type\" content=\"article\" \/>\n<meta property=\"og:title\" content=\"Seals Kit - DT SWISS 35mm - Suspensiones Felix\" \/>\n<meta property=\"og:description\" content=\"\u00a0Bas\u00e1ndose en su experiencia en la industria la automoci\u00f3n y la motocicleta SKF ha desarrollado una amplia gama de kits de juntas de repuesto para horquillas hidr\u00e1ulicas. Desarrolladas para limitar la fricci\u00f3n interna en la suspensi\u00f3n y aumentar el agarre de las ruedas al suelo las juntas SKF proporcionan una mejor sensaci\u00f3n de conducci\u00f3n. Las [&hellip;]\" \/>\n<meta property=\"og:url\" content=\"https:\/\/www.suspensionesfelix.com\/es\/producto\/seals-kit-dt-swiss-35mm\/\" \/>\n<meta property=\"og:site_name\" content=\"Suspensiones Felix\" \/>\n<meta name=\"twitter:card\" content=\"summary_large_image\" \/>\n<meta name=\"twitter:label1\" content=\"Tiempo de lectura\" \/>\n\t<meta name=\"twitter:data1\" content=\"1 minuto\" \/>\n<script type=\"application\/ld+json\" class=\"yoast-schema-graph\">{\"@context\":\"https:\\\/\\\/schema.org\",\"@graph\":[{\"@type\":\"WebPage\",\"@id\":\"https:\\\/\\\/www.suspensionesfelix.com\\\/producto\\\/seals-kit-dt-swiss-35mm\\\/\",\"url\":\"https:\\\/\\\/www.suspensionesfelix.com\\\/producto\\\/seals-kit-dt-swiss-35mm\\\/\",\"name\":\"Seals Kit - DT SWISS 35mm - Suspensiones Felix\",\"isPartOf\":{\"@id\":\"https:\\\/\\\/www.suspensionesfelix.com\\\/#website\"},\"primaryImageOfPage\":{\"@id\":\"https:\\\/\\\/www.suspensionesfelix.com\\\/producto\\\/seals-kit-dt-swiss-35mm\\\/#primaryimage\"},\"image\":{\"@id\":\"https:\\\/\\\/www.suspensionesfelix.com\\\/producto\\\/seals-kit-dt-swiss-35mm\\\/#primaryimage\"},\"thumbnailUrl\":\"https:\\\/\\\/www.suspensionesfelix.com\\\/wp-content\\\/uploads\\\/2024\\\/10\\\/skf-kit-de-retenes-de-horquilla-dt-swiss-35mm.jpg\",\"datePublished\":\"2024-10-30T10:55:00+00:00\",\"breadcrumb\":{\"@id\":\"https:\\\/\\\/www.suspensionesfelix.com\\\/producto\\\/seals-kit-dt-swiss-35mm\\\/#breadcrumb\"},\"inLanguage\":\"es\",\"potentialAction\":[{\"@type\":\"ReadAction\",\"target\":[\"https:\\\/\\\/www.suspensionesfelix.com\\\/producto\\\/seals-kit-dt-swiss-35mm\\\/\"]}]},{\"@type\":\"ImageObject\",\"inLanguage\":\"es\",\"@id\":\"https:\\\/\\\/www.suspensionesfelix.com\\\/producto\\\/seals-kit-dt-swiss-35mm\\\/#primaryimage\",\"url\":\"https:\\\/\\\/www.suspensionesfelix.com\\\/wp-content\\\/uploads\\\/2024\\\/10\\\/skf-kit-de-retenes-de-horquilla-dt-swiss-35mm.jpg\",\"contentUrl\":\"https:\\\/\\\/www.suspensionesfelix.com\\\/wp-content\\\/uploads\\\/2024\\\/10\\\/skf-kit-de-retenes-de-horquilla-dt-swiss-35mm.jpg\",\"width\":500,\"height\":500},{\"@type\":\"BreadcrumbList\",\"@id\":\"https:\\\/\\\/www.suspensionesfelix.com\\\/producto\\\/seals-kit-dt-swiss-35mm\\\/#breadcrumb\",\"itemListElement\":[{\"@type\":\"ListItem\",\"position\":1,\"name\":\"Portada\",\"item\":\"https:\\\/\\\/www.suspensionesfelix.com\\\/\"},{\"@type\":\"ListItem\",\"position\":2,\"name\":\"Tienda\",\"item\":\"https:\\\/\\\/www.suspensionesfelix.com\\\/es\\\/tienda\\\/\"},{\"@type\":\"ListItem\",\"position\":3,\"name\":\"Seals Kit &#8211; DT SWISS 35mm\"}]},{\"@type\":\"WebSite\",\"@id\":\"https:\\\/\\\/www.suspensionesfelix.com\\\/#website\",\"url\":\"https:\\\/\\\/www.suspensionesfelix.com\\\/\",\"name\":\"Suspensiones Felix\",\"description\":\"Mantenimiento y arreglo de bicicletas en Torrevieja\",\"publisher\":{\"@id\":\"https:\\\/\\\/www.suspensionesfelix.com\\\/#organization\"},\"potentialAction\":[{\"@type\":\"SearchAction\",\"target\":{\"@type\":\"EntryPoint\",\"urlTemplate\":\"https:\\\/\\\/www.suspensionesfelix.com\\\/?s={search_term_string}\"},\"query-input\":{\"@type\":\"PropertyValueSpecification\",\"valueRequired\":true,\"valueName\":\"search_term_string\"}}],\"inLanguage\":\"es\"},{\"@type\":\"Organization\",\"@id\":\"https:\\\/\\\/www.suspensionesfelix.com\\\/#organization\",\"name\":\"Suspensiones Felix\",\"url\":\"https:\\\/\\\/www.suspensionesfelix.com\\\/\",\"logo\":{\"@type\":\"ImageObject\",\"inLanguage\":\"es\",\"@id\":\"https:\\\/\\\/www.suspensionesfelix.com\\\/#\\\/schema\\\/logo\\\/image\\\/\",\"url\":\"https:\\\/\\\/www.suspensionesfelix.com\\\/wp-content\\\/uploads\\\/2024\\\/09\\\/cropped-logo-felix.png\",\"contentUrl\":\"https:\\\/\\\/www.suspensionesfelix.com\\\/wp-content\\\/uploads\\\/2024\\\/09\\\/cropped-logo-felix.png\",\"width\":600,\"height\":250,\"caption\":\"Suspensiones Felix\"},\"image\":{\"@id\":\"https:\\\/\\\/www.suspensionesfelix.com\\\/#\\\/schema\\\/logo\\\/image\\\/\"}}]}<\/script>\n<!-- \/ Yoast SEO plugin. -->","yoast_head_json":{"title":"Seals Kit - DT SWISS 35mm - Suspensiones Felix","robots":{"index":"index","follow":"follow","max-snippet":"max-snippet:-1","max-image-preview":"max-image-preview:large","max-video-preview":"max-video-preview:-1"},"canonical":"https:\/\/www.suspensionesfelix.com\/es\/producto\/seals-kit-dt-swiss-35mm\/","og_locale":"es_ES","og_type":"article","og_title":"Seals Kit - DT SWISS 35mm - Suspensiones Felix","og_description":"\u00a0Bas\u00e1ndose en su experiencia en la industria la automoci\u00f3n y la motocicleta SKF ha desarrollado una amplia gama de kits de juntas de repuesto para horquillas hidr\u00e1ulicas. Desarrolladas para limitar la fricci\u00f3n interna en la suspensi\u00f3n y aumentar el agarre de las ruedas al suelo las juntas SKF proporcionan una mejor sensaci\u00f3n de conducci\u00f3n. Las [&hellip;]","og_url":"https:\/\/www.suspensionesfelix.com\/es\/producto\/seals-kit-dt-swiss-35mm\/","og_site_name":"Suspensiones Felix","twitter_card":"summary_large_image","twitter_misc":{"Tiempo de lectura":"1 minuto"},"schema":{"@context":"https:\/\/schema.org","@graph":[{"@type":"WebPage","@id":"https:\/\/www.suspensionesfelix.com\/producto\/seals-kit-dt-swiss-35mm\/","url":"https:\/\/www.suspensionesfelix.com\/producto\/seals-kit-dt-swiss-35mm\/","name":"Seals Kit - DT SWISS 35mm - Suspensiones Felix","isPartOf":{"@id":"https:\/\/www.suspensionesfelix.com\/#website"},"primaryImageOfPage":{"@id":"https:\/\/www.suspensionesfelix.com\/producto\/seals-kit-dt-swiss-35mm\/#primaryimage"},"image":{"@id":"https:\/\/www.suspensionesfelix.com\/producto\/seals-kit-dt-swiss-35mm\/#primaryimage"},"thumbnailUrl":"https:\/\/www.suspensionesfelix.com\/wp-content\/uploads\/2024\/10\/skf-kit-de-retenes-de-horquilla-dt-swiss-35mm.jpg","datePublished":"2024-10-30T10:55:00+00:00","breadcrumb":{"@id":"https:\/\/www.suspensionesfelix.com\/producto\/seals-kit-dt-swiss-35mm\/#breadcrumb"},"inLanguage":"es","potentialAction":[{"@type":"ReadAction","target":["https:\/\/www.suspensionesfelix.com\/producto\/seals-kit-dt-swiss-35mm\/"]}]},{"@type":"ImageObject","inLanguage":"es","@id":"https:\/\/www.suspensionesfelix.com\/producto\/seals-kit-dt-swiss-35mm\/#primaryimage","url":"https:\/\/www.suspensionesfelix.com\/wp-content\/uploads\/2024\/10\/skf-kit-de-retenes-de-horquilla-dt-swiss-35mm.jpg","contentUrl":"https:\/\/www.suspensionesfelix.com\/wp-content\/uploads\/2024\/10\/skf-kit-de-retenes-de-horquilla-dt-swiss-35mm.jpg","width":500,"height":500},{"@type":"BreadcrumbList","@id":"https:\/\/www.suspensionesfelix.com\/producto\/seals-kit-dt-swiss-35mm\/#breadcrumb","itemListElement":[{"@type":"ListItem","position":1,"name":"Portada","item":"https:\/\/www.suspensionesfelix.com\/"},{"@type":"ListItem","position":2,"name":"Tienda","item":"https:\/\/www.suspensionesfelix.com\/es\/tienda\/"},{"@type":"ListItem","position":3,"name":"Seals Kit &#8211; DT SWISS 35mm"}]},{"@type":"WebSite","@id":"https:\/\/www.suspensionesfelix.com\/#website","url":"https:\/\/www.suspensionesfelix.com\/","name":"Suspensiones Felix","description":"Mantenimiento y arreglo de bicicletas en Torrevieja","publisher":{"@id":"https:\/\/www.suspensionesfelix.com\/#organization"},"potentialAction":[{"@type":"SearchAction","target":{"@type":"EntryPoint","urlTemplate":"https:\/\/www.suspensionesfelix.com\/?s={search_term_string}"},"query-input":{"@type":"PropertyValueSpecification","valueRequired":true,"valueName":"search_term_string"}}],"inLanguage":"es"},{"@type":"Organization","@id":"https:\/\/www.suspensionesfelix.com\/#organization","name":"Suspensiones Felix","url":"https:\/\/www.suspensionesfelix.com\/","logo":{"@type":"ImageObject","inLanguage":"es","@id":"https:\/\/www.suspensionesfelix.com\/#\/schema\/logo\/image\/","url":"https:\/\/www.suspensionesfelix.com\/wp-content\/uploads\/2024\/09\/cropped-logo-felix.png","contentUrl":"https:\/\/www.suspensionesfelix.com\/wp-content\/uploads\/2024\/09\/cropped-logo-felix.png","width":600,"height":250,"caption":"Suspensiones Felix"},"image":{"@id":"https:\/\/www.suspensionesfelix.com\/#\/schema\/logo\/image\/"}}]}},"_links":{"self":[{"href":"https:\/\/www.suspensionesfelix.com\/es\/wp-json\/wp\/v2\/product\/2060","targetHints":{"allow":["GET"]}}],"collection":[{"href":"https:\/\/www.suspensionesfelix.com\/es\/wp-json\/wp\/v2\/product"}],"about":[{"href":"https:\/\/www.suspensionesfelix.com\/es\/wp-json\/wp\/v2\/types\/product"}],"replies":[{"embeddable":true,"href":"https:\/\/www.suspensionesfelix.com\/es\/wp-json\/wp\/v2\/comments?post=2060"}],"wp:featuredmedia":[{"embeddable":true,"href":"https:\/\/www.suspensionesfelix.com\/es\/wp-json\/wp\/v2\/media\/2059"}],"wp:attachment":[{"href":"https:\/\/www.suspensionesfelix.com\/es\/wp-json\/wp\/v2\/media?parent=2060"}],"wp:term":[{"taxonomy":"product_brand","embeddable":true,"href":"https:\/\/www.suspensionesfelix.com\/es\/wp-json\/wp\/v2\/product_brand?post=2060"},{"taxonomy":"product_cat","embeddable":true,"href":"https:\/\/www.suspensionesfelix.com\/es\/wp-json\/wp\/v2\/product_cat?post=2060"},{"taxonomy":"product_tag","embeddable":true,"href":"https:\/\/www.suspensionesfelix.com\/es\/wp-json\/wp\/v2\/product_tag?post=2060"}],"curies":[{"name":"wp","href":"https:\/\/api.w.org\/{rel}","templated":true}]}}