{"id":2221,"date":"2024-11-08T11:13:05","date_gmt":"2024-11-08T10:13:05","guid":{"rendered":"https:\/\/www.suspensionesfelix.com\/producto\/ohlins-horquilla-rxc34-m-1-air-otx14-con-bloqueo-remoto-29-44-120\/"},"modified":"2024-11-08T11:13:05","modified_gmt":"2024-11-08T10:13:05","slug":"ohlins-horquilla-rxc34-m-1-air-otx14-con-bloqueo-remoto-29-44-120","status":"publish","type":"product","link":"https:\/\/www.suspensionesfelix.com\/es\/producto\/ohlins-horquilla-rxc34-m-1-air-otx14-con-bloqueo-remoto-29-44-120\/","title":{"rendered":"\u00d6hlins Horquilla RXC34 m.1 Air OTX14 con bloqueo remoto 29\u00b4\u00b4\/44\/120"},"content":{"rendered":"<p>Desata el siguiente nivel de rendimiento en carreras con nuestra \u00faltima innovaci\u00f3n en suspensi\u00f3n delantera: la horquilla RXC34 m.1. Equipada con varias tecnolog\u00edas \u00d6hlins probadas en competiciones incluido el dise\u00f1o de eje flotante de baja fricci\u00f3n y el chasis ultrar\u00edgido utilizado en nuestras horquillas RXF34 la RXC34 m.1 incorpora un hidr\u00e1ulico completamente nuevo y un cartucho de aire actualizado para mejorar a\u00fan m\u00e1s la velocidad y la precisi\u00f3n en pistas t\u00e9cnicas de cross country.<\/p>\n<p>\u00a0<\/p>\n<p>Cartucho hidr\u00e1ulico OTX14 XC y cartucho de aire de dos c\u00e1maras actualizado<\/p>\n<p>La RXC34 m.1 utiliza nuestro nuevo cartucho OTX14 optimizado para XC. Este delgado y ligero cartucho est\u00e1 lleno de tecnolog\u00eda. Se hicieron esfuerzos exhaustivos para perfeccionar el dise\u00f1o del cabezal de sellado de baja fricci\u00f3n.<\/p>\n<p>El nuevo cartucho OTX14 se combina con una doble c\u00e1mara de aire actualizada que cuenta con una gran c\u00e1mara de aire negativa equilibrada con las caracter\u00edsticas del hidr\u00e1ulico en los tres modos de conducci\u00f3n: abierto pedaleo y bloqueo. Esto crea el movimiento inicial necesario para una tracci\u00f3n superior al tiempo que mantiene un soporte predecible de primera clase al empujar al l\u00edmite.<\/p>\n<p>El cartucho de aire tiene una gran c\u00e1mara de aire negativa para aumentar la sensibilidad al estar sentado y subiendo. Esto se puede ajustar con espaciadores en el pist\u00f3n en uno de nuestros centros de servicio de MTB. Para mayor versatilidad la RXC34 m.1 te permite intercambiar el cartucho de aire y el hidr\u00e1ulico con nuestras horquillas RXF34 brind\u00e1ndote a\u00fan m\u00e1s opciones para ajustar tu configuraci\u00f3n.<\/p>\n<p>\u00a0<\/p>\n<p>Opciones de control remoto y manual<\/p>\n<p>La horquilla delantera RXC34 m.1 est\u00e1 disponible con conexi\u00f3n remota o palanca manual. La versi\u00f3n compatible con control remoto tiene 3 modos de conducci\u00f3n y 12 clics de ajuste de rebote mientras que la versi\u00f3n manual tiene 3 modos de conducci\u00f3n 12 clics de rebote y 12 clics de compresi\u00f3n de baja velocidad en el modo abierto.<\/p>\n<p>Para la versi\u00f3n con conexi\u00f3n remota hemos desarrollado un control remoto con una soluci\u00f3n flexible donde es posible agregar una palanca de tija de sill\u00edn debajo del control remoto. Tambi\u00e9n es altamente ajustable: tiene tres posiciones para los modos de conducci\u00f3n y ajusta la suspensi\u00f3n delantera y trasera al mismo tiempo.<\/p>\n<p>Nuestra conexi\u00f3n remota est\u00e1 dise\u00f1ada para una tracci\u00f3n de cable de 7.5 mm por posici\u00f3n. Esto significa que puedes usar el amortiguador con palancas remotas de otras marcas l\u00edderes. Y para aquellos que buscan a\u00fan m\u00e1s versatilidad nuestro adaptador dise\u00f1ado para 5.5 mm de tracci\u00f3n de cable por clic permite la compatibilidad con los mandos remotos DT Swiss utilizados por el equipo BMC Racing.<\/p>\n<p>\u00a0<\/p>\n<p>Sistema XC de \u00d6hlins<\/p>\n<p>Como parte del sistema de suspensi\u00f3n XC de \u00d6hlins la RXC34 m.1 cuenta con un sistema f\u00e1cil de ajustar para la progresividad del cartucho de aire y la carrera. Y con nuestro banco de ajustes probados en competiciones podr\u00e1s ajustar la horquilla seg\u00fan tu estilo de conducci\u00f3n \u00fanico y la cinem\u00e1tica de tu bicicleta.<\/p>\n<p>Nuestros nuevos productos de suspensi\u00f3n XC se han desarrollado en paralelo con las horquillas delanteras y los amortiguadores traseros dise\u00f1ados para complementarse entre s\u00ed y lograr un equilibrio \u00f3ptimo en la parte delantera y trasera de la bicicleta. Ya seas un profesional experimentado un guerrero de fin de semana o est\u00e9s en alg\u00fan punto intermedio la combinaci\u00f3n de la horquilla RXC34 m.1 con uno de nuestros amortiguadores TXCAir te brindar\u00e1 un rendimiento inspirador de confianza que se sentir\u00e1 igual de bien tanto en el escenario ol\u00edmpico como en tus senderos locales.<\/p>\n<p>\u00a0<\/p>\n<p>CARACTER\u00cdSTICAS:<\/p>\n<p>\u2022 Cartucho hidr\u00e1ulico OTX14 ligero<\/p>\n<p>\u2022 Altamente ajustable con banco de ajustes probados en competiciones para adaptarse al estilo de conducci\u00f3n y bicicleta del ciclista<\/p>\n<p>\u2022 Hidr\u00e1ulica optimizada para XC<\/p>\n<p>\u2022 3 modos de conducci\u00f3n desarrollados y probados para ahorrar segundos en la pista de carreras<\/p>\n<p>\u2022 Hasta 5 espaciadores de volumen positivo para ajustar la progresividad (seg\u00fan el recorrido)<\/p>\n<p>\u2022 Hasta 7 espaciadores negativos para ajustar la sensibilidad inicial<\/p>\n<p>\u2022 Versi\u00f3n de aluminio de 110\/120 mm con un peso de 1598 g (la versi\u00f3n de 100 mm estar\u00e1 disponible m\u00e1s adelante)<\/p>\n<p>\u2022 Opciones de conexi\u00f3n remota y control manual<\/p>\n<p>\u2022 Conexi\u00f3n remota compatible con sistemas que extraen 7.5 mm de cable por clic<\/p>\n<p>\u2022 Adaptador disponible para controles manuales y sistemas que extraen 5.5 mm por clic<\/p>\n<p>\u2022 Opci\u00f3n de control manual que a\u00f1ade 12 clics de compresi\u00f3n de baja velocidad en modo abierto<\/p>\n<p>\u2022 12 clics de ajuste de rebote<\/p>\n","protected":false},"excerpt":{"rendered":"<p>Desata el siguiente nivel de rendimiento en carreras con nuestra \u00faltima innovaci\u00f3n en suspensi\u00f3n delantera: la horquilla RXC34 m.1. Equipada con varias tecnolog\u00edas \u00d6hlins probadas en competiciones incluido el dise\u00f1o de eje flotante de baja fricci\u00f3n y el chasis ultrar\u00edgido utilizado en nuestras horquillas RXF34 la RXC34 m.1 incorpora un hidr\u00e1ulico completamente nuevo y un [&hellip;]<\/p>\n","protected":false},"featured_media":2220,"comment_status":"open","ping_status":"closed","template":"","meta":{"_joinchat":[]},"product_brand":[],"product_cat":[220],"product_tag":[],"class_list":{"0":"post-2221","1":"product","2":"type-product","3":"status-publish","4":"has-post-thumbnail","6":"product_cat-suspensiones","8":"first","9":"instock","10":"taxable","11":"shipping-taxable","12":"purchasable","13":"product-type-simple"},"exclude_global_add_ons":[],"addons":[],"yoast_head":"<!-- This site is optimized with the Yoast SEO plugin v27.3 - https:\/\/yoast.com\/product\/yoast-seo-wordpress\/ -->\n<title>\u00d6hlins Horquilla RXC34 m.1 Air OTX14 con bloqueo remoto 29\u00b4\u00b4\/44\/120 - Suspensiones Felix<\/title>\n<meta name=\"robots\" content=\"index, follow, max-snippet:-1, max-image-preview:large, max-video-preview:-1\" \/>\n<link rel=\"canonical\" href=\"https:\/\/www.suspensionesfelix.com\/es\/producto\/ohlins-horquilla-rxc34-m-1-air-otx14-con-bloqueo-remoto-29-44-120\/\" \/>\n<meta property=\"og:locale\" content=\"es_ES\" \/>\n<meta property=\"og:type\" content=\"article\" \/>\n<meta property=\"og:title\" content=\"\u00d6hlins Horquilla RXC34 m.1 Air OTX14 con bloqueo remoto 29\u00b4\u00b4\/44\/120 - Suspensiones Felix\" \/>\n<meta property=\"og:description\" content=\"Desata el siguiente nivel de rendimiento en carreras con nuestra \u00faltima innovaci\u00f3n en suspensi\u00f3n delantera: la horquilla RXC34 m.1. Equipada con varias tecnolog\u00edas \u00d6hlins probadas en competiciones incluido el dise\u00f1o de eje flotante de baja fricci\u00f3n y el chasis ultrar\u00edgido utilizado en nuestras horquillas RXF34 la RXC34 m.1 incorpora un hidr\u00e1ulico completamente nuevo y un [&hellip;]\" \/>\n<meta property=\"og:url\" content=\"https:\/\/www.suspensionesfelix.com\/es\/producto\/ohlins-horquilla-rxc34-m-1-air-otx14-con-bloqueo-remoto-29-44-120\/\" \/>\n<meta property=\"og:site_name\" content=\"Suspensiones Felix\" \/>\n<meta name=\"twitter:card\" content=\"summary_large_image\" \/>\n<meta name=\"twitter:label1\" content=\"Tiempo de lectura\" \/>\n\t<meta name=\"twitter:data1\" content=\"4 minutos\" \/>\n<script type=\"application\/ld+json\" class=\"yoast-schema-graph\">{\"@context\":\"https:\\\/\\\/schema.org\",\"@graph\":[{\"@type\":\"WebPage\",\"@id\":\"https:\\\/\\\/www.suspensionesfelix.com\\\/producto\\\/ohlins-horquilla-rxc34-m-1-air-otx14-con-bloqueo-remoto-29-44-120\\\/\",\"url\":\"https:\\\/\\\/www.suspensionesfelix.com\\\/producto\\\/ohlins-horquilla-rxc34-m-1-air-otx14-con-bloqueo-remoto-29-44-120\\\/\",\"name\":\"\u00d6hlins Horquilla RXC34 m.1 Air OTX14 con bloqueo remoto 29\u00b4\u00b4\\\/44\\\/120 - Suspensiones Felix\",\"isPartOf\":{\"@id\":\"https:\\\/\\\/www.suspensionesfelix.com\\\/#website\"},\"primaryImageOfPage\":{\"@id\":\"https:\\\/\\\/www.suspensionesfelix.com\\\/producto\\\/ohlins-horquilla-rxc34-m-1-air-otx14-con-bloqueo-remoto-29-44-120\\\/#primaryimage\"},\"image\":{\"@id\":\"https:\\\/\\\/www.suspensionesfelix.com\\\/producto\\\/ohlins-horquilla-rxc34-m-1-air-otx14-con-bloqueo-remoto-29-44-120\\\/#primaryimage\"},\"thumbnailUrl\":\"https:\\\/\\\/www.suspensionesfelix.com\\\/wp-content\\\/uploads\\\/2024\\\/11\\\/ohlins-mtb-horquilla-rcx34-m1-air-otx14-con-bloqueo-remoto-2944120-1.jpg\",\"datePublished\":\"2024-11-08T10:13:05+00:00\",\"breadcrumb\":{\"@id\":\"https:\\\/\\\/www.suspensionesfelix.com\\\/producto\\\/ohlins-horquilla-rxc34-m-1-air-otx14-con-bloqueo-remoto-29-44-120\\\/#breadcrumb\"},\"inLanguage\":\"es\",\"potentialAction\":[{\"@type\":\"ReadAction\",\"target\":[\"https:\\\/\\\/www.suspensionesfelix.com\\\/producto\\\/ohlins-horquilla-rxc34-m-1-air-otx14-con-bloqueo-remoto-29-44-120\\\/\"]}]},{\"@type\":\"ImageObject\",\"inLanguage\":\"es\",\"@id\":\"https:\\\/\\\/www.suspensionesfelix.com\\\/producto\\\/ohlins-horquilla-rxc34-m-1-air-otx14-con-bloqueo-remoto-29-44-120\\\/#primaryimage\",\"url\":\"https:\\\/\\\/www.suspensionesfelix.com\\\/wp-content\\\/uploads\\\/2024\\\/11\\\/ohlins-mtb-horquilla-rcx34-m1-air-otx14-con-bloqueo-remoto-2944120-1.jpg\",\"contentUrl\":\"https:\\\/\\\/www.suspensionesfelix.com\\\/wp-content\\\/uploads\\\/2024\\\/11\\\/ohlins-mtb-horquilla-rcx34-m1-air-otx14-con-bloqueo-remoto-2944120-1.jpg\",\"width\":900,\"height\":600},{\"@type\":\"BreadcrumbList\",\"@id\":\"https:\\\/\\\/www.suspensionesfelix.com\\\/producto\\\/ohlins-horquilla-rxc34-m-1-air-otx14-con-bloqueo-remoto-29-44-120\\\/#breadcrumb\",\"itemListElement\":[{\"@type\":\"ListItem\",\"position\":1,\"name\":\"Portada\",\"item\":\"https:\\\/\\\/www.suspensionesfelix.com\\\/\"},{\"@type\":\"ListItem\",\"position\":2,\"name\":\"Tienda\",\"item\":\"https:\\\/\\\/www.suspensionesfelix.com\\\/es\\\/tienda\\\/\"},{\"@type\":\"ListItem\",\"position\":3,\"name\":\"\u00d6hlins Horquilla RXC34 m.1 Air OTX14 con bloqueo remoto 29\u00b4\u00b4\\\/44\\\/120\"}]},{\"@type\":\"WebSite\",\"@id\":\"https:\\\/\\\/www.suspensionesfelix.com\\\/#website\",\"url\":\"https:\\\/\\\/www.suspensionesfelix.com\\\/\",\"name\":\"Suspensiones Felix\",\"description\":\"Mantenimiento y arreglo de bicicletas en Torrevieja\",\"publisher\":{\"@id\":\"https:\\\/\\\/www.suspensionesfelix.com\\\/#organization\"},\"potentialAction\":[{\"@type\":\"SearchAction\",\"target\":{\"@type\":\"EntryPoint\",\"urlTemplate\":\"https:\\\/\\\/www.suspensionesfelix.com\\\/?s={search_term_string}\"},\"query-input\":{\"@type\":\"PropertyValueSpecification\",\"valueRequired\":true,\"valueName\":\"search_term_string\"}}],\"inLanguage\":\"es\"},{\"@type\":\"Organization\",\"@id\":\"https:\\\/\\\/www.suspensionesfelix.com\\\/#organization\",\"name\":\"Suspensiones Felix\",\"url\":\"https:\\\/\\\/www.suspensionesfelix.com\\\/\",\"logo\":{\"@type\":\"ImageObject\",\"inLanguage\":\"es\",\"@id\":\"https:\\\/\\\/www.suspensionesfelix.com\\\/#\\\/schema\\\/logo\\\/image\\\/\",\"url\":\"https:\\\/\\\/www.suspensionesfelix.com\\\/wp-content\\\/uploads\\\/2024\\\/09\\\/cropped-logo-felix.png\",\"contentUrl\":\"https:\\\/\\\/www.suspensionesfelix.com\\\/wp-content\\\/uploads\\\/2024\\\/09\\\/cropped-logo-felix.png\",\"width\":600,\"height\":250,\"caption\":\"Suspensiones Felix\"},\"image\":{\"@id\":\"https:\\\/\\\/www.suspensionesfelix.com\\\/#\\\/schema\\\/logo\\\/image\\\/\"}}]}<\/script>\n<!-- \/ Yoast SEO plugin. -->","yoast_head_json":{"title":"\u00d6hlins Horquilla RXC34 m.1 Air OTX14 con bloqueo remoto 29\u00b4\u00b4\/44\/120 - Suspensiones Felix","robots":{"index":"index","follow":"follow","max-snippet":"max-snippet:-1","max-image-preview":"max-image-preview:large","max-video-preview":"max-video-preview:-1"},"canonical":"https:\/\/www.suspensionesfelix.com\/es\/producto\/ohlins-horquilla-rxc34-m-1-air-otx14-con-bloqueo-remoto-29-44-120\/","og_locale":"es_ES","og_type":"article","og_title":"\u00d6hlins Horquilla RXC34 m.1 Air OTX14 con bloqueo remoto 29\u00b4\u00b4\/44\/120 - Suspensiones Felix","og_description":"Desata el siguiente nivel de rendimiento en carreras con nuestra \u00faltima innovaci\u00f3n en suspensi\u00f3n delantera: la horquilla RXC34 m.1. Equipada con varias tecnolog\u00edas \u00d6hlins probadas en competiciones incluido el dise\u00f1o de eje flotante de baja fricci\u00f3n y el chasis ultrar\u00edgido utilizado en nuestras horquillas RXF34 la RXC34 m.1 incorpora un hidr\u00e1ulico completamente nuevo y un [&hellip;]","og_url":"https:\/\/www.suspensionesfelix.com\/es\/producto\/ohlins-horquilla-rxc34-m-1-air-otx14-con-bloqueo-remoto-29-44-120\/","og_site_name":"Suspensiones Felix","twitter_card":"summary_large_image","twitter_misc":{"Tiempo de lectura":"4 minutos"},"schema":{"@context":"https:\/\/schema.org","@graph":[{"@type":"WebPage","@id":"https:\/\/www.suspensionesfelix.com\/producto\/ohlins-horquilla-rxc34-m-1-air-otx14-con-bloqueo-remoto-29-44-120\/","url":"https:\/\/www.suspensionesfelix.com\/producto\/ohlins-horquilla-rxc34-m-1-air-otx14-con-bloqueo-remoto-29-44-120\/","name":"\u00d6hlins Horquilla RXC34 m.1 Air OTX14 con bloqueo remoto 29\u00b4\u00b4\/44\/120 - Suspensiones Felix","isPartOf":{"@id":"https:\/\/www.suspensionesfelix.com\/#website"},"primaryImageOfPage":{"@id":"https:\/\/www.suspensionesfelix.com\/producto\/ohlins-horquilla-rxc34-m-1-air-otx14-con-bloqueo-remoto-29-44-120\/#primaryimage"},"image":{"@id":"https:\/\/www.suspensionesfelix.com\/producto\/ohlins-horquilla-rxc34-m-1-air-otx14-con-bloqueo-remoto-29-44-120\/#primaryimage"},"thumbnailUrl":"https:\/\/www.suspensionesfelix.com\/wp-content\/uploads\/2024\/11\/ohlins-mtb-horquilla-rcx34-m1-air-otx14-con-bloqueo-remoto-2944120-1.jpg","datePublished":"2024-11-08T10:13:05+00:00","breadcrumb":{"@id":"https:\/\/www.suspensionesfelix.com\/producto\/ohlins-horquilla-rxc34-m-1-air-otx14-con-bloqueo-remoto-29-44-120\/#breadcrumb"},"inLanguage":"es","potentialAction":[{"@type":"ReadAction","target":["https:\/\/www.suspensionesfelix.com\/producto\/ohlins-horquilla-rxc34-m-1-air-otx14-con-bloqueo-remoto-29-44-120\/"]}]},{"@type":"ImageObject","inLanguage":"es","@id":"https:\/\/www.suspensionesfelix.com\/producto\/ohlins-horquilla-rxc34-m-1-air-otx14-con-bloqueo-remoto-29-44-120\/#primaryimage","url":"https:\/\/www.suspensionesfelix.com\/wp-content\/uploads\/2024\/11\/ohlins-mtb-horquilla-rcx34-m1-air-otx14-con-bloqueo-remoto-2944120-1.jpg","contentUrl":"https:\/\/www.suspensionesfelix.com\/wp-content\/uploads\/2024\/11\/ohlins-mtb-horquilla-rcx34-m1-air-otx14-con-bloqueo-remoto-2944120-1.jpg","width":900,"height":600},{"@type":"BreadcrumbList","@id":"https:\/\/www.suspensionesfelix.com\/producto\/ohlins-horquilla-rxc34-m-1-air-otx14-con-bloqueo-remoto-29-44-120\/#breadcrumb","itemListElement":[{"@type":"ListItem","position":1,"name":"Portada","item":"https:\/\/www.suspensionesfelix.com\/"},{"@type":"ListItem","position":2,"name":"Tienda","item":"https:\/\/www.suspensionesfelix.com\/es\/tienda\/"},{"@type":"ListItem","position":3,"name":"\u00d6hlins Horquilla RXC34 m.1 Air OTX14 con bloqueo remoto 29\u00b4\u00b4\/44\/120"}]},{"@type":"WebSite","@id":"https:\/\/www.suspensionesfelix.com\/#website","url":"https:\/\/www.suspensionesfelix.com\/","name":"Suspensiones Felix","description":"Mantenimiento y arreglo de bicicletas en Torrevieja","publisher":{"@id":"https:\/\/www.suspensionesfelix.com\/#organization"},"potentialAction":[{"@type":"SearchAction","target":{"@type":"EntryPoint","urlTemplate":"https:\/\/www.suspensionesfelix.com\/?s={search_term_string}"},"query-input":{"@type":"PropertyValueSpecification","valueRequired":true,"valueName":"search_term_string"}}],"inLanguage":"es"},{"@type":"Organization","@id":"https:\/\/www.suspensionesfelix.com\/#organization","name":"Suspensiones Felix","url":"https:\/\/www.suspensionesfelix.com\/","logo":{"@type":"ImageObject","inLanguage":"es","@id":"https:\/\/www.suspensionesfelix.com\/#\/schema\/logo\/image\/","url":"https:\/\/www.suspensionesfelix.com\/wp-content\/uploads\/2024\/09\/cropped-logo-felix.png","contentUrl":"https:\/\/www.suspensionesfelix.com\/wp-content\/uploads\/2024\/09\/cropped-logo-felix.png","width":600,"height":250,"caption":"Suspensiones Felix"},"image":{"@id":"https:\/\/www.suspensionesfelix.com\/#\/schema\/logo\/image\/"}}]}},"_links":{"self":[{"href":"https:\/\/www.suspensionesfelix.com\/es\/wp-json\/wp\/v2\/product\/2221","targetHints":{"allow":["GET"]}}],"collection":[{"href":"https:\/\/www.suspensionesfelix.com\/es\/wp-json\/wp\/v2\/product"}],"about":[{"href":"https:\/\/www.suspensionesfelix.com\/es\/wp-json\/wp\/v2\/types\/product"}],"replies":[{"embeddable":true,"href":"https:\/\/www.suspensionesfelix.com\/es\/wp-json\/wp\/v2\/comments?post=2221"}],"wp:featuredmedia":[{"embeddable":true,"href":"https:\/\/www.suspensionesfelix.com\/es\/wp-json\/wp\/v2\/media\/2220"}],"wp:attachment":[{"href":"https:\/\/www.suspensionesfelix.com\/es\/wp-json\/wp\/v2\/media?parent=2221"}],"wp:term":[{"taxonomy":"product_brand","embeddable":true,"href":"https:\/\/www.suspensionesfelix.com\/es\/wp-json\/wp\/v2\/product_brand?post=2221"},{"taxonomy":"product_cat","embeddable":true,"href":"https:\/\/www.suspensionesfelix.com\/es\/wp-json\/wp\/v2\/product_cat?post=2221"},{"taxonomy":"product_tag","embeddable":true,"href":"https:\/\/www.suspensionesfelix.com\/es\/wp-json\/wp\/v2\/product_tag?post=2221"}],"curies":[{"name":"wp","href":"https:\/\/api.w.org\/{rel}","templated":true}]}}